{"id":1837,"date":"2019-05-24T14:56:40","date_gmt":"2019-05-24T12:56:40","guid":{"rendered":"https:\/\/gazeas.de\/impressum\/"},"modified":"2023-11-20T17:53:12","modified_gmt":"2023-11-20T16:53:12","slug":"impressum","status":"publish","type":"page","link":"https:\/\/gazeas.de\/en\/impressum\/","title":{"rendered":"Impressum"},"content":{"rendered":"<div class=\"wpb-content-wrapper\">[vc_row css=&#8221;.vc_custom_1541496326481{margin-top: -45px !important;background-position: center !important;background-repeat: no-repeat !important;background-size: cover !important;}&#8221;][vc_column][wgl_spacing spacer_size=&#8221;40px&#8221;][wgl_double_headings align=&#8221;center&#8221; title_color=&#8221;#151515&#8243; subtitle_size=&#8221;28px&#8221; subtitle_color=&#8221;#a69475&#8243; google_fonts_subtitle=&#8221;font_family:Lato%3A100%2C100italic%2C300%2C300italic%2Cregular%2Citalic%2C700%2C700italic%2C900%2C900italic|font_style:400%20regular%3A400%3Anormal&#8221; subtitle=&#8221;IMPRESSUM&#8221; custom_fonts_subtitle=&#8221;true&#8221;][wgl_spacing spacer_size=&#8221;35px&#8221;][vc_column_text]\n<p style=\"text-align: center;\"><strong>GAZEAS NEPOMUCK Rechtsanw\u00e4lte Partnerschaftsgesellschaft mbB<\/strong><\/p>\n<p style=\"text-align: center;\">Theodor-Heuss-Ring 34<br \/>\n50668 K\u00f6ln<br \/>\nDeutschland<\/p>\n<p style=\"text-align: center;\">e-mail: info@gazeas.de<br \/>\nTel. +49 221 97 58 58-10<br \/>\nFax +49 221 97 58 58-280<br \/>\n<strong>Emergency<\/strong>\u00a0+49 221 97 58 58-110<\/p>\n[\/vc_column_text][wgl_spacing spacer_size=&#8221;50px&#8221;][\/vc_column][\/vc_row][vc_row][vc_column][vc_column_text]<strong><span>Legal Form<\/span><\/strong><\/p>\n<p><span>GAZEAS NEPOMUCK Rechtsanw\u00e4lte Partnerschaftsgesellschaft mbB is a Partnerschaftsgesellschaft (partner company) with limited professional liability according to the Partnerschaftsgesellschaftsgesetz. GAZEAS NEPOMUCK was entered in the Partnership Register at the Essen District Court (Amtsgericht) under PR 4394.<\/span><\/p>\n<p><strong><span>Authorised representative partners<\/span><\/strong><\/p>\n<p><span>Dr. Nikolaos Gazeas and Dr. Lutz Nepomuck<\/span><\/p>\n<p><strong><span>Responsible supervisory authority<\/span><\/strong><\/p>\n<p><span>Dr. Nikolaos Gazeas, Dr. Lutz Nepomuck and Dr. Andrej Umanksy are licensed and accredited lawyers and are members of the Cologne Bar Association (Rechtsanwaltskammer K\u00f6ln), Riehler Stra\u00dfe 30, 50668 Cologne.<\/span><\/p>\n<p><strong><span>Professional liability insurance<\/span><\/strong><\/p>\n<p><span>Allianz-Versicherungs AG<br \/>\n10900 Berlin<br \/>\nThe insurance\u2019s geographical scope is Europe.<\/span><\/p>\n<p><strong><span>Professional rules of conduct<\/span><\/strong><\/p>\n<p><span>&#8211; Federal Lawyer\u2019s Act (BRAO)<\/span><\/p>\n<p><span>&#8211; \u00a0Professional code for lawyers (BORA) (BORA)<\/span><\/p>\n<p><span>&#8211; \u00a0Law on the Remuneration of Lawyers (RVG)<\/span><\/p>\n<p><span>&#8211; \u00a0Professional code for lawyers in the European Union (CCBE)<\/span><span>&#8211; Litigation Cost Act (GKG)<\/span><\/p>\n<p>Accessible under <a href=\"http:\/\/www.brak.de\/\">www.brak.de<\/a> in the category &#8220;Berufsrecht&#8221;.<\/p>\n<p><strong><span>Liability note<\/span><\/strong><\/p>\n<p><span>Despite careful control, we assume no liability for the content of external links. The content of linked pages is the sole responsibility of their operators.<\/span><\/p>\n<p><strong><span>Web design and programming <\/span><\/strong><\/p>\n<p><span><u>Mind Fabric GmbH<\/u>, Konkordiastrasse 20, 40219 D\u00fcsseldorf<\/span><\/p>\n[\/vc_column_text][wgl_spacing spacer_size=&#8221;90&#8243; responsive_mobile=&#8221;true&#8221; size_mobile=&#8221;75&#8243;][\/vc_column][\/vc_row]\n<\/div>","protected":false},"excerpt":{"rendered":"<p>[vc_row css=&#8221;.vc_custom_1541496326481{margin-top: -45px !important;background-position: center !important;background-repeat: no-repeat !important;background-size: cover !important;}&#8221;][vc_column][wgl_spacing spacer_size=&#8221;40px&#8221;][wgl_double_headings align=&#8221;center&#8221; title_color=&#8221;#151515&#8243; subtitle_size=&#8221;28px&#8221; subtitle_color=&#8221;#a69475&#8243; google_fonts_subtitle=&#8221;font_family:Lato%3A100%2C100italic%2C300%2C300italic%2Cregular%2Citalic%2C700%2C700italic%2C900%2C900italic|font_style:400%20regular%3A400%3Anormal&#8221; subtitle=&#8221;IMPRESSUM&#8221; custom_fonts_subtitle=&#8221;true&#8221;][wgl_spacing spacer_size=&#8221;35px&#8221;][vc_column_text] GAZEAS NEPOMUCK Rechtsanw\u00e4lte Partnerschaftsgesellschaft mbB Theodor-Heuss-Ring 34 50668 K\u00f6ln Deutschland e-mail: info@gazeas.de Tel. +49 221 97 58 58-10 Fax +49 221 97 58 58-280 Emergency\u00a0+49 221 97 58 58-110 [\/vc_column_text][wgl_spacing spacer_size=&#8221;50px&#8221;][\/vc_column][\/vc_row][vc_row][vc_column][vc_column_text]Legal Form GAZEAS NEPOMUCK Rechtsanw\u00e4lte Partnerschaftsgesellschaft [&hellip;]<\/p>\n","protected":false},"author":2,"featured_media":0,"parent":0,"menu_order":0,"comment_status":"closed","ping_status":"closed","template":"","meta":{"footnotes":""},"class_list":["post-1837","page","type-page","status-publish","hentry"],"yoast_head":"<!-- This site is optimized with the Yoast SEO plugin v27.4 - https:\/\/yoast.com\/product\/yoast-seo-wordpress\/ -->\n<title>Impressum - GAZEAS NEPOMUCK Rechtsanw\u00e4lte aus K\u00f6ln<\/title>\n<meta name=\"description\" content=\"Auf dieser Seite finden Sie das Impressum der GAZEAS NEPOMUCK Rechtsanw\u00e4lte f\u00fcr Strafrecht aus K\u00f6ln. Theodor-Heuss-Ring 34, 50668 K\u00f6ln, Deutschland\" \/>\n<meta name=\"robots\" content=\"noindex, follow\" \/>\n<meta property=\"og:locale\" content=\"en_US\" \/>\n<meta property=\"og:type\" content=\"article\" \/>\n<meta property=\"og:title\" content=\"Impressum - GAZEAS NEPOMUCK Rechtsanw\u00e4lte aus K\u00f6ln\" \/>\n<meta property=\"og:description\" content=\"Auf dieser Seite finden Sie das Impressum der GAZEAS NEPOMUCK Rechtsanw\u00e4lte f\u00fcr Strafrecht aus K\u00f6ln. Theodor-Heuss-Ring 34, 50668 K\u00f6ln, Deutschland\" \/>\n<meta property=\"og:url\" content=\"https:\/\/gazeas.de\/en\/impressum\/\" \/>\n<meta property=\"og:site_name\" content=\"Gazeas Nepomuck\" \/>\n<meta property=\"article:modified_time\" content=\"2023-11-20T16:53:12+00:00\" \/>\n<meta name=\"twitter:card\" content=\"summary_large_image\" \/>\n<script type=\"application\/ld+json\" class=\"yoast-schema-graph\">{\"@context\":\"https:\\\/\\\/schema.org\",\"@graph\":[{\"@type\":\"WebPage\",\"@id\":\"https:\\\/\\\/gazeas.de\\\/en\\\/impressum\\\/\",\"url\":\"https:\\\/\\\/gazeas.de\\\/en\\\/impressum\\\/\",\"name\":\"Impressum - GAZEAS NEPOMUCK Rechtsanw\u00e4lte aus K\u00f6ln\",\"isPartOf\":{\"@id\":\"https:\\\/\\\/gazeas.de\\\/#website\"},\"datePublished\":\"2019-05-24T12:56:40+00:00\",\"dateModified\":\"2023-11-20T16:53:12+00:00\",\"description\":\"Auf dieser Seite finden Sie das Impressum der GAZEAS NEPOMUCK Rechtsanw\u00e4lte f\u00fcr Strafrecht aus K\u00f6ln. Theodor-Heuss-Ring 34, 50668 K\u00f6ln, Deutschland\",\"breadcrumb\":{\"@id\":\"https:\\\/\\\/gazeas.de\\\/en\\\/impressum\\\/#breadcrumb\"},\"inLanguage\":\"en-US\",\"potentialAction\":[{\"@type\":\"ReadAction\",\"target\":[\"https:\\\/\\\/gazeas.de\\\/en\\\/impressum\\\/\"]}]},{\"@type\":\"BreadcrumbList\",\"@id\":\"https:\\\/\\\/gazeas.de\\\/en\\\/impressum\\\/#breadcrumb\",\"itemListElement\":[{\"@type\":\"ListItem\",\"position\":1,\"name\":\"Startseite\",\"item\":\"https:\\\/\\\/gazeas.de\\\/en\\\/\"},{\"@type\":\"ListItem\",\"position\":2,\"name\":\"Impressum\"}]},{\"@type\":\"WebSite\",\"@id\":\"https:\\\/\\\/gazeas.de\\\/#website\",\"url\":\"https:\\\/\\\/gazeas.de\\\/\",\"name\":\"Gazeas Nepomuck\",\"description\":\"Team\",\"publisher\":{\"@id\":\"https:\\\/\\\/gazeas.de\\\/#organization\"},\"potentialAction\":[{\"@type\":\"SearchAction\",\"target\":{\"@type\":\"EntryPoint\",\"urlTemplate\":\"https:\\\/\\\/gazeas.de\\\/?s={search_term_string}\"},\"query-input\":{\"@type\":\"PropertyValueSpecification\",\"valueRequired\":true,\"valueName\":\"search_term_string\"}}],\"inLanguage\":\"en-US\"},{\"@type\":\"Organization\",\"@id\":\"https:\\\/\\\/gazeas.de\\\/#organization\",\"name\":\"GAZEAS NEPOMUCK Rechtsanw\u00e4lte\",\"url\":\"https:\\\/\\\/gazeas.de\\\/\",\"logo\":{\"@type\":\"ImageObject\",\"inLanguage\":\"en-US\",\"@id\":\"https:\\\/\\\/gazeas.de\\\/#\\\/schema\\\/logo\\\/image\\\/\",\"url\":\"https:\\\/\\\/gazeas.de\\\/wp-content\\\/uploads\\\/gazeas-nepomuck-rechtsanwaelte-logo.png\",\"contentUrl\":\"https:\\\/\\\/gazeas.de\\\/wp-content\\\/uploads\\\/gazeas-nepomuck-rechtsanwaelte-logo.png\",\"width\":981,\"height\":95,\"caption\":\"GAZEAS NEPOMUCK Rechtsanw\u00e4lte\"},\"image\":{\"@id\":\"https:\\\/\\\/gazeas.de\\\/#\\\/schema\\\/logo\\\/image\\\/\"}}]}<\/script>\n<!-- \/ Yoast SEO plugin. -->","yoast_head_json":{"title":"Impressum - GAZEAS NEPOMUCK Rechtsanw\u00e4lte aus K\u00f6ln","description":"Auf dieser Seite finden Sie das Impressum der GAZEAS NEPOMUCK Rechtsanw\u00e4lte f\u00fcr Strafrecht aus K\u00f6ln. Theodor-Heuss-Ring 34, 50668 K\u00f6ln, Deutschland","robots":{"index":"noindex","follow":"follow"},"og_locale":"en_US","og_type":"article","og_title":"Impressum - GAZEAS NEPOMUCK Rechtsanw\u00e4lte aus K\u00f6ln","og_description":"Auf dieser Seite finden Sie das Impressum der GAZEAS NEPOMUCK Rechtsanw\u00e4lte f\u00fcr Strafrecht aus K\u00f6ln. Theodor-Heuss-Ring 34, 50668 K\u00f6ln, Deutschland","og_url":"https:\/\/gazeas.de\/en\/impressum\/","og_site_name":"Gazeas Nepomuck","article_modified_time":"2023-11-20T16:53:12+00:00","twitter_card":"summary_large_image","schema":{"@context":"https:\/\/schema.org","@graph":[{"@type":"WebPage","@id":"https:\/\/gazeas.de\/en\/impressum\/","url":"https:\/\/gazeas.de\/en\/impressum\/","name":"Impressum - GAZEAS NEPOMUCK Rechtsanw\u00e4lte aus K\u00f6ln","isPartOf":{"@id":"https:\/\/gazeas.de\/#website"},"datePublished":"2019-05-24T12:56:40+00:00","dateModified":"2023-11-20T16:53:12+00:00","description":"Auf dieser Seite finden Sie das Impressum der GAZEAS NEPOMUCK Rechtsanw\u00e4lte f\u00fcr Strafrecht aus K\u00f6ln. Theodor-Heuss-Ring 34, 50668 K\u00f6ln, Deutschland","breadcrumb":{"@id":"https:\/\/gazeas.de\/en\/impressum\/#breadcrumb"},"inLanguage":"en-US","potentialAction":[{"@type":"ReadAction","target":["https:\/\/gazeas.de\/en\/impressum\/"]}]},{"@type":"BreadcrumbList","@id":"https:\/\/gazeas.de\/en\/impressum\/#breadcrumb","itemListElement":[{"@type":"ListItem","position":1,"name":"Startseite","item":"https:\/\/gazeas.de\/en\/"},{"@type":"ListItem","position":2,"name":"Impressum"}]},{"@type":"WebSite","@id":"https:\/\/gazeas.de\/#website","url":"https:\/\/gazeas.de\/","name":"Gazeas Nepomuck","description":"Team","publisher":{"@id":"https:\/\/gazeas.de\/#organization"},"potentialAction":[{"@type":"SearchAction","target":{"@type":"EntryPoint","urlTemplate":"https:\/\/gazeas.de\/?s={search_term_string}"},"query-input":{"@type":"PropertyValueSpecification","valueRequired":true,"valueName":"search_term_string"}}],"inLanguage":"en-US"},{"@type":"Organization","@id":"https:\/\/gazeas.de\/#organization","name":"GAZEAS NEPOMUCK Rechtsanw\u00e4lte","url":"https:\/\/gazeas.de\/","logo":{"@type":"ImageObject","inLanguage":"en-US","@id":"https:\/\/gazeas.de\/#\/schema\/logo\/image\/","url":"https:\/\/gazeas.de\/wp-content\/uploads\/gazeas-nepomuck-rechtsanwaelte-logo.png","contentUrl":"https:\/\/gazeas.de\/wp-content\/uploads\/gazeas-nepomuck-rechtsanwaelte-logo.png","width":981,"height":95,"caption":"GAZEAS NEPOMUCK Rechtsanw\u00e4lte"},"image":{"@id":"https:\/\/gazeas.de\/#\/schema\/logo\/image\/"}}]}},"_links":{"self":[{"href":"https:\/\/gazeas.de\/en\/wp-json\/wp\/v2\/pages\/1837","targetHints":{"allow":["GET"]}}],"collection":[{"href":"https:\/\/gazeas.de\/en\/wp-json\/wp\/v2\/pages"}],"about":[{"href":"https:\/\/gazeas.de\/en\/wp-json\/wp\/v2\/types\/page"}],"author":[{"embeddable":true,"href":"https:\/\/gazeas.de\/en\/wp-json\/wp\/v2\/users\/2"}],"replies":[{"embeddable":true,"href":"https:\/\/gazeas.de\/en\/wp-json\/wp\/v2\/comments?post=1837"}],"version-history":[{"count":0,"href":"https:\/\/gazeas.de\/en\/wp-json\/wp\/v2\/pages\/1837\/revisions"}],"wp:attachment":[{"href":"https:\/\/gazeas.de\/en\/wp-json\/wp\/v2\/media?parent=1837"}],"curies":[{"name":"wp","href":"https:\/\/api.w.org\/{rel}","templated":true}]}}