{"id":1841,"date":"2019-05-24T15:08:11","date_gmt":"2019-05-24T13:08:11","guid":{"rendered":"https:\/\/gazeas.de\/kompetenzen\/"},"modified":"2021-03-19T11:00:52","modified_gmt":"2021-03-19T10:00:52","slug":"expertise","status":"publish","type":"page","link":"https:\/\/gazeas.de\/en\/expertise\/","title":{"rendered":"Our Expertise"},"content":{"rendered":"<div class=\"wpb-content-wrapper\">[vc_row css=&#8221;.vc_custom_1548342872294{margin-top: -45px !important;background-position: center !important;background-repeat: no-repeat !important;background-size: cover !important;}&#8221;][vc_column][wgl_spacing spacer_size=&#8221;40px&#8221;][wgl_double_headings align=&#8221;center&#8221; title_color=&#8221;#151515&#8243; subtitle_size=&#8221;28px&#8221; subtitle_color=&#8221;#a69475&#8243; google_fonts_subtitle=&#8221;font_family:Lato%3A100%2C100italic%2C300%2C300italic%2Cregular%2Citalic%2C700%2C700italic%2C900%2C900italic|font_style:400%20regular%3A400%3Anormal&#8221; subtitle=&#8221;OUR EXPERTISE&#8221; custom_fonts_subtitle=&#8221;true&#8221;][wgl_spacing spacer_size=&#8221;50px&#8221;][\/vc_column][\/vc_row][vc_row full_width=&#8221;stretch_row&#8221; css=&#8221;.vc_custom_1551860537510{background-position: center !important;background-repeat: no-repeat !important;background-size: cover !important;}&#8221;][vc_column][vc_row_inner equal_height=&#8221;yes&#8221; gap=&#8221;20&#8243; css=&#8221;.vc_custom_1551775855988{margin-top: 0px !important;margin-bottom: 0px !important;padding-top: 0px !important;padding-bottom: 0px !important;}&#8221;][vc_column_inner width=&#8221;1\/2&#8243; offset=&#8221;vc_col-lg-4 vc_col-md-6&#8243;][vc_hoverbox image=&#8221;1522&#8243; primary_title=&#8221;Economic and Financial Criminal Law&#8221; primary_title_font_container=&#8221;font_size:30|color:%23ffffff&#8221; primary_title_use_theme_fonts=&#8221;yes&#8221; hover_title=&#8221;Economic and Financial Criminal Law&#8221; hover_align=&#8221;left&#8221; hover_title_font_container=&#8221;font_size:20&#8243; hover_title_use_theme_fonts=&#8221;yes&#8221; shape=&#8221;square&#8221; hover_background_color=&#8221;white&#8221; use_custom_fonts_primary_title=&#8221;true&#8221; use_custom_fonts_hover_title=&#8221;true&#8221;]\n<p style=\"text-align: left;\">\u2022 \u00a0 Defence of individuals<br \/>\n\u2022\u00a0 \u00a0Defence of companies<br \/>\n\u2022 \u00a0 Preventive counselling<br \/>\n\u2022 \u00a0 Witness assistance<br \/>\n\u2022\u00a0 \u00a0Criminal charges<br \/>\n\u2022\u00a0 \u00a0Representation of victims<\/p>\n[\/vc_hoverbox][wgl_spacing spacer_size=&#8221;70px&#8221;][\/vc_column_inner][vc_column_inner width=&#8221;1\/2&#8243; offset=&#8221;vc_col-lg-4 vc_col-md-6&#8243;][vc_hoverbox image=&#8221;1529&#8243; primary_title=&#8221;Criminal Tax Law&#8221; primary_title_font_container=&#8221;font_size:30|color:%23ffffff&#8221; primary_title_use_theme_fonts=&#8221;yes&#8221; hover_title=&#8221;Criminal Tax Law&#8221; hover_align=&#8221;left&#8221; hover_title_font_container=&#8221;font_size:20&#8243; hover_title_use_theme_fonts=&#8221;yes&#8221; shape=&#8221;square&#8221; hover_background_color=&#8221;white&#8221; use_custom_fonts_primary_title=&#8221;true&#8221; use_custom_fonts_hover_title=&#8221;true&#8221;]\n<p style=\"text-align: left;\">\u2022 \u00a0 Defence of individuals<br \/>\n\u2022\u00a0 \u00a0Defence of companies<br \/>\n\u2022 \u00a0 Self-denunciation<br \/>\n\u2022 \u00a0 Preventive counselling<\/p>\n[\/vc_hoverbox][wgl_spacing spacer_size=&#8221;70px&#8221;][\/vc_column_inner][vc_column_inner width=&#8221;1\/2&#8243; offset=&#8221;vc_col-lg-4 vc_col-md-6&#8243;][vc_hoverbox image=&#8221;1516&#8243; primary_title=&#8221;Medical Criminal Law&#8221; primary_title_font_container=&#8221;font_size:30|color:%23ffffff&#8221; primary_title_use_theme_fonts=&#8221;yes&#8221; hover_title=&#8221;Medical Criminal Law&#8221; hover_align=&#8221;left&#8221; hover_title_font_container=&#8221;font_size:20&#8243; hover_title_use_theme_fonts=&#8221;yes&#8221; shape=&#8221;square&#8221; hover_background_color=&#8221;white&#8221; use_custom_fonts_primary_title=&#8221;true&#8221; use_custom_fonts_hover_title=&#8221;true&#8221;]\n<p style=\"text-align: left;\">\u2022 \u00a0 Individual defence of physicians<br \/>\n\u2022 \u00a0 Legal representation of medical practices and hospitals<br \/>\n\u2022 \u00a0 Healthcare Compliance<\/p>\n[\/vc_hoverbox][wgl_spacing spacer_size=&#8221;70px&#8221;][\/vc_column_inner][\/vc_row_inner][vc_row_inner equal_height=&#8221;yes&#8221; gap=&#8221;20&#8243; css=&#8221;.vc_custom_1551775860151{margin-top: 0px !important;margin-bottom: 0px !important;padding-top: 0px !important;padding-bottom: 0px !important;}&#8221;][vc_column_inner width=&#8221;1\/2&#8243; offset=&#8221;vc_col-lg-4 vc_col-md-6&#8243;][vc_hoverbox image=&#8221;1529&#8243; primary_title=&#8221;Penal Provisions&#8221; primary_title_font_container=&#8221;font_size:30|color:%23ffffff&#8221; primary_title_use_theme_fonts=&#8221;yes&#8221; hover_title=&#8221;Penal Provisions&#8221; hover_align=&#8221;left&#8221; hover_title_font_container=&#8221;font_size:20&#8243; hover_title_use_theme_fonts=&#8221;yes&#8221; shape=&#8221;square&#8221; hover_background_color=&#8221;white&#8221; use_custom_fonts_primary_title=&#8221;true&#8221; use_custom_fonts_hover_title=&#8221;true&#8221;]\n<p style=\"text-align: left;\">\u2022 \u00a0 Defence of individuals<br \/>\n\u2022\u00a0 \u00a0Defence of companies<br \/>\n\u2022 \u00a0 Preventive counselling<br \/>\n\u2022 \u00a0 Avoidance of registry entries<\/p>\n[\/vc_hoverbox][wgl_spacing spacer_size=&#8221;70px&#8221;][\/vc_column_inner][vc_column_inner width=&#8221;1\/2&#8243; offset=&#8221;vc_col-lg-4 vc_col-md-6&#8243;][vc_hoverbox image=&#8221;1518&#8243; primary_title=&#8221;International Criminal Law&#8221; primary_title_font_container=&#8221;font_size:30|color:%23ffffff&#8221; primary_title_use_theme_fonts=&#8221;yes&#8221; hover_title=&#8221;International Criminal Law&#8221; hover_align=&#8221;left&#8221; hover_title_font_container=&#8221;font_size:20&#8243; hover_title_use_theme_fonts=&#8221;yes&#8221; shape=&#8221;square&#8221; hover_background_color=&#8221;white&#8221; use_custom_fonts_primary_title=&#8221;true&#8221; use_custom_fonts_hover_title=&#8221;true&#8221;]\n<p style=\"text-align: left;\">\u2022 \u00a0 Extradition procedures<br \/>\n\u2022\u00a0 \u00a0Other legal assistance proceedings<br \/>\n\u2022\u00a0 \u00a0Legal representation in cross-broder criminal proceedings<br \/>\n\u2022\u00a0 \u00a0Coordinating legal counselling regarding international criminal law<\/p>\n[\/vc_hoverbox][wgl_spacing spacer_size=&#8221;70px&#8221;][\/vc_column_inner][vc_column_inner width=&#8221;1\/2&#8243; offset=&#8221;vc_col-lg-4 vc_col-md-6&#8243;][vc_hoverbox image=&#8221;1529&#8243; primary_title=&#8221;Data Protection Law&#8221; primary_title_font_container=&#8221;font_size:30|color:%23ffffff&#8221; primary_title_use_theme_fonts=&#8221;yes&#8221; hover_title=&#8221;Data Protection Law&#8221; hover_align=&#8221;left&#8221; hover_title_font_container=&#8221;font_size:20&#8243; hover_title_use_theme_fonts=&#8221;yes&#8221; shape=&#8221;square&#8221; hover_background_color=&#8221;white&#8221; use_custom_fonts_primary_title=&#8221;true&#8221; use_custom_fonts_hover_title=&#8221;true&#8221;]\n<p style=\"text-align: left;\">\u2022 \u00a0 Defence in the event of data protection violations<br \/>\n\u2022 \u00a0 Implementation of the new data protection legislation<br \/>\n\u2022 \u00a0 GAP-Analysis<br \/>\n\u2022\u00a0 \u00a0Data Protection for internal investigations<\/p>\n[\/vc_hoverbox][wgl_spacing spacer_size=&#8221;70px&#8221;][\/vc_column_inner][\/vc_row_inner][vc_row_inner equal_height=&#8221;yes&#8221; gap=&#8221;20&#8243; css=&#8221;.vc_custom_1551775864066{margin-top: 0px !important;margin-bottom: 0px !important;padding-top: 0px !important;padding-bottom: 0px !important;}&#8221;][vc_column_inner width=&#8221;1\/2&#8243; offset=&#8221;vc_col-lg-4 vc_col-md-6&#8243;][vc_hoverbox image=&#8221;1758&#8243; primary_title=&#8221;Prevention of corruption&#8221; primary_title_font_container=&#8221;font_size:30|color:%23ffffff&#8221; primary_title_use_theme_fonts=&#8221;yes&#8221; hover_title=&#8221;Prevention of corruption&#8221; hover_align=&#8221;left&#8221; hover_title_font_container=&#8221;font_size:20&#8243; hover_title_use_theme_fonts=&#8221;yes&#8221; shape=&#8221;square&#8221; hover_background_color=&#8221;white&#8221; use_custom_fonts_primary_title=&#8221;true&#8221; use_custom_fonts_hover_title=&#8221;true&#8221;]\n<p style=\"text-align: left;\">\u2022\u00a0 Business partner checks incl. compliance database searches<br \/>\n\u2022 \u00a0Guidelines and training for dealing with sales agents<br \/>\n\u2022 \u00a0Systematic corruption audits<br \/>\n\u2022 \u00a0Clarification of suspected corruption cases<\/p>\n[\/vc_hoverbox][wgl_spacing spacer_size=&#8221;70px&#8221;][\/vc_column_inner][vc_column_inner width=&#8221;1\/2&#8243; offset=&#8221;vc_col-lg-4 vc_col-md-6&#8243;][vc_hoverbox image=&#8221;1529&#8243; primary_title=&#8221;Internal Investigations&#8221; primary_title_font_container=&#8221;font_size:30|color:%23ffffff&#8221; primary_title_use_theme_fonts=&#8221;yes&#8221; hover_title=&#8221;Internal Investigations&#8221; hover_align=&#8221;left&#8221; hover_title_font_container=&#8221;font_size:20&#8243; hover_title_use_theme_fonts=&#8221;yes&#8221; shape=&#8221;square&#8221; hover_background_color=&#8221;white&#8221; use_custom_fonts_primary_title=&#8221;true&#8221; use_custom_fonts_hover_title=&#8221;true&#8221;]\n<p style=\"text-align: left;\">\u2022\u00a0 Investigations based on suspicions<br \/>\n\u2022 \u00a0 Systematic audits<br \/>\n\u2022 \u00a0Employee Interviews<br \/>\n\u2022 \u00a0E-Search<br \/>\n\u2022 \u00a0Dealing with findings, also vis-\u00e0-vis authorities<br \/>\n\u2022 \u00a0Cross border investigations<\/p>\n[\/vc_hoverbox][wgl_spacing spacer_size=&#8221;70px&#8221;][\/vc_column_inner][vc_column_inner width=&#8221;1\/2&#8243; offset=&#8221;vc_col-lg-4 vc_col-md-6&#8243;][vc_hoverbox image=&#8221;1520&#8243; primary_title=&#8221;Compliance&#8221; primary_title_font_container=&#8221;font_size:30|color:%23ffffff&#8221; primary_title_use_theme_fonts=&#8221;yes&#8221; hover_title=&#8221;Compliance&#8221; hover_align=&#8221;left&#8221; hover_title_font_container=&#8221;font_size:20&#8243; hover_title_use_theme_fonts=&#8221;yes&#8221; shape=&#8221;square&#8221; hover_background_color=&#8221;white&#8221; use_custom_fonts_primary_title=&#8221;true&#8221; use_custom_fonts_hover_title=&#8221;true&#8221;]\n<p style=\"text-align: left;\">\u2022 \u00a0 Implementation of compliance systems<br \/>\n\u2022 \u00a0 Risk analyses<br \/>\n\u2022 \u00a0 Guidelines and training<br \/>\n\u2022\u00a0 \u00a0Business partner checks<br \/>\n\u2022 \u00a0 Compliance Audits<br \/>\n\u2022 \u00a0 Ombudsmann and whistleblower systems<\/p>\n[\/vc_hoverbox][wgl_spacing spacer_size=&#8221;70px&#8221;][\/vc_column_inner][\/vc_row_inner][wgl_spacing spacer_size=&#8221;20px&#8221;][\/vc_column][\/vc_row][vc_row full_width=&#8221;stretch_row&#8221; disable_element=&#8221;yes&#8221; css=&#8221;.vc_custom_1548754934291{margin-bottom: -50px !important;background-image: url(https:\/\/wp.gazeas.de\/wp-content\/uploads\/bg-services-1.jpg?id=1244) !important;background-position: center !important;background-repeat: no-repeat !important;background-size: cover !important;}&#8221;][vc_column][wgl_spacing spacer_size=&#8221;41px&#8221;][vc_row_inner][vc_column_inner width=&#8221;1\/2&#8243; offset=&#8221;vc_col-lg-4 vc_col-md-6&#8243;][wgl_services front_icon_type=&#8221;none&#8221; back_bg_color=&#8221;rgba(255,255,255,0.01)&#8221; front_title=&#8221;Wirtschaftsstrafrecht&#8221; front_descr=&#8221;Individualverteidigung, Unternehmensvertretung, Pr\u00e4ventivberatung, Zeugenbeistand, Strafanzeigen und Gesch\u00e4digtenvertretung&#8221;][wgl_spacing spacer_size=&#8221;30px&#8221;][\/vc_column_inner][vc_column_inner width=&#8221;1\/2&#8243; offset=&#8221;vc_col-lg-4 vc_col-md-6&#8243;][wgl_services front_icon_type=&#8221;none&#8221; back_bg_color=&#8221;rgba(255,255,255,0.01)&#8221; front_title=&#8221;Steuerstrafrecht&#8221; front_descr=&#8221;Individualverteidigung, Unternehmensvertretung, Selbstanzeigen&#8221;][wgl_spacing spacer_size=&#8221;30px&#8221;][\/vc_column_inner][vc_column_inner width=&#8221;1\/2&#8243; offset=&#8221;vc_col-lg-4 vc_col-md-6&#8243;][wgl_services front_icon_type=&#8221;none&#8221; back_bg_color=&#8221;rgba(255,255,255,0.01)&#8221; front_title=&#8221;Medizinstrafrecht&#8221; front_descr=&#8221;Individualverteidigung von \u00c4rztinnen und \u00c4rzten, Vertretung von Praxen und Krankenh\u00e4usern&#8221;][wgl_spacing spacer_size=&#8221;30px&#8221;][\/vc_column_inner][\/vc_row_inner][vc_row_inner][vc_column_inner width=&#8221;1\/2&#8243; offset=&#8221;vc_col-lg-4 vc_col-md-6&#8243;][wgl_services front_icon_type=&#8221;none&#8221; back_bg_color=&#8221;rgba(255,255,255,0.01)&#8221; front_title=&#8221;Internationales Strafrecht&#8221; front_descr=&#8221;Auslieferungsverfahren, Sonstige Rechtshilfeverfahren, Vertretung in grenz\u00fcberschreitenden Strafverfahren, Koordinierung Rechtsberatung zu Ausl\u00e4ndischem Strafrecht&#8221;][wgl_spacing spacer_size=&#8221;30px&#8221;][\/vc_column_inner][vc_column_inner width=&#8221;1\/2&#8243; offset=&#8221;vc_col-lg-4 vc_col-md-6&#8243;][wgl_services front_icon_type=&#8221;none&#8221; back_bg_color=&#8221;rgba(255,255,255,0.01)&#8221; front_title=&#8221;Ordnungswidrigkeitenrecht&#8221; front_descr=&#8221;Individualverteidigung, Unternehmensvertretung, Pr\u00e4ventivberatung&#8221;][wgl_spacing spacer_size=&#8221;30px&#8221;][\/vc_column_inner][vc_column_inner width=&#8221;1\/2&#8243; offset=&#8221;vc_col-lg-4 vc_col-md-6&#8243;][wgl_services front_icon_type=&#8221;none&#8221; back_bg_color=&#8221;rgba(255,255,255,0.01)&#8221; front_title=&#8221;Datenschutzrecht&#8221; front_descr=&#8221;Verteidigung bei Datenschutzverst\u00f6\u00dfen, Umsetzung des neuen Datenschutzrecht, GAP-Analysen&#8221;][wgl_spacing spacer_size=&#8221;30px&#8221;][\/vc_column_inner][\/vc_row_inner][vc_row_inner][vc_column_inner width=&#8221;1\/2&#8243; offset=&#8221;vc_col-lg-4 vc_col-md-6&#8243;][wgl_services front_icon_type=&#8221;none&#8221; back_bg_color=&#8221;rgba(255,255,255,0.01)&#8221; front_title=&#8221;Compliance&#8221; front_descr=&#8221;Implementierung von Compliance Systemen (CMS), Risikoanalysen, Richtlinien und Schulungen, Gesch\u00e4ftspartnerpr\u00fcfungen, Ombudsmant\u00e4tigkeit und Hinweisgebersysteme&#8221;][wgl_spacing spacer_size=&#8221;30px&#8221;][\/vc_column_inner][vc_column_inner width=&#8221;1\/2&#8243; offset=&#8221;vc_col-lg-4 vc_col-md-6&#8243;][wgl_services front_icon_type=&#8221;none&#8221; back_bg_color=&#8221;rgba(255,255,255,0.01)&#8221; front_title=&#8221;Internal Investigations&#8221; front_descr=&#8221;verdachtsabh\u00e4ngige Untersuchungen, systematische Audits, E-Search, Umgang mit Findings, auch gegen\u00fcber Beh\u00f6rden&#8221;][wgl_spacing spacer_size=&#8221;30px&#8221;][\/vc_column_inner][vc_column_inner width=&#8221;1\/2&#8243; offset=&#8221;vc_col-lg-4 vc_col-md-6&#8243;][wgl_services front_icon_type=&#8221;none&#8221; back_bg_color=&#8221;rgba(255,255,255,0.01)&#8221; front_title=&#8221;Korruptionspr\u00e4vention Auslandsvertrieb&#8221; front_descr=&#8221;Gesch\u00e4ftspartnerpr\u00fcfungen incl. Compliance-Datenbankrecherchen, Richtlinien zum Umgang mit Vertriebsmittlern, systematische Korruptionsaudits, interne Aufkl\u00e4rung von Korruptionsverdachtsf\u00e4llen&#8221;][wgl_spacing spacer_size=&#8221;30px&#8221;][\/vc_column_inner][\/vc_row_inner][wgl_spacing spacer_size=&#8221;90&#8243;][\/vc_column][\/vc_row]\n<\/div>","protected":false},"excerpt":{"rendered":"<p>[vc_row css=&#8221;.vc_custom_1548342872294{margin-top: -45px !important;background-position: center !important;background-repeat: no-repeat !important;background-size: cover !important;}&#8221;][vc_column][wgl_spacing spacer_size=&#8221;40px&#8221;][wgl_double_headings align=&#8221;center&#8221; title_color=&#8221;#151515&#8243; subtitle_size=&#8221;28px&#8221; subtitle_color=&#8221;#a69475&#8243; google_fonts_subtitle=&#8221;font_family:Lato%3A100%2C100italic%2C300%2C300italic%2Cregular%2Citalic%2C700%2C700italic%2C900%2C900italic|font_style:400%20regular%3A400%3Anormal&#8221; subtitle=&#8221;OUR EXPERTISE&#8221; custom_fonts_subtitle=&#8221;true&#8221;][wgl_spacing spacer_size=&#8221;50px&#8221;][\/vc_column][\/vc_row][vc_row full_width=&#8221;stretch_row&#8221; css=&#8221;.vc_custom_1551860537510{background-position: center !important;background-repeat: no-repeat !important;background-size: cover !important;}&#8221;][vc_column][vc_row_inner equal_height=&#8221;yes&#8221; gap=&#8221;20&#8243; css=&#8221;.vc_custom_1551775855988{margin-top: 0px !important;margin-bottom: 0px !important;padding-top: 0px !important;padding-bottom: 0px !important;}&#8221;][vc_column_inner width=&#8221;1\/2&#8243; offset=&#8221;vc_col-lg-4 vc_col-md-6&#8243;][vc_hoverbox image=&#8221;1522&#8243; primary_title=&#8221;Economic and Financial Criminal Law&#8221; primary_title_font_container=&#8221;font_size:30|color:%23ffffff&#8221; primary_title_use_theme_fonts=&#8221;yes&#8221; hover_title=&#8221;Economic and Financial Criminal Law&#8221; [&hellip;]<\/p>\n","protected":false},"author":2,"featured_media":0,"parent":0,"menu_order":0,"comment_status":"closed","ping_status":"closed","template":"","meta":{"footnotes":""},"class_list":["post-1841","page","type-page","status-publish","hentry"],"yoast_head":"<!-- This site is optimized with the Yoast SEO plugin v27.4 - https:\/\/yoast.com\/product\/yoast-seo-wordpress\/ -->\n<title>Kompetenzen - GAZEAS NEPOMUCK Rechtsanw\u00e4lte f\u00fcr Strafrecht<\/title>\n<meta name=\"description\" content=\"Die Kompetenzen der GAZEAS NEPOMUCK Rechtsanw\u00e4lte aus K\u00f6ln sind spezialisiert auf das Strafrecht. Im Zentrum steht das Wirtschafts- und Steuerstrafrecht.\" \/>\n<meta name=\"robots\" content=\"index, follow, max-snippet:-1, max-image-preview:large, max-video-preview:-1\" \/>\n<link rel=\"canonical\" href=\"https:\/\/gazeas.de\/en\/expertise\/\" \/>\n<meta property=\"og:locale\" content=\"en_US\" \/>\n<meta property=\"og:type\" content=\"article\" \/>\n<meta property=\"og:title\" content=\"Kompetenzen - GAZEAS NEPOMUCK Rechtsanw\u00e4lte f\u00fcr Strafrecht\" \/>\n<meta property=\"og:description\" content=\"Die Kompetenzen der GAZEAS NEPOMUCK Rechtsanw\u00e4lte aus K\u00f6ln sind spezialisiert auf das Strafrecht. Im Zentrum steht das Wirtschafts- und Steuerstrafrecht.\" \/>\n<meta property=\"og:url\" content=\"https:\/\/gazeas.de\/en\/expertise\/\" \/>\n<meta property=\"og:site_name\" content=\"Gazeas Nepomuck\" \/>\n<meta property=\"article:modified_time\" content=\"2021-03-19T10:00:52+00:00\" \/>\n<meta name=\"twitter:card\" content=\"summary_large_image\" \/>\n<script type=\"application\/ld+json\" class=\"yoast-schema-graph\">{\"@context\":\"https:\\\/\\\/schema.org\",\"@graph\":[{\"@type\":\"WebPage\",\"@id\":\"https:\\\/\\\/gazeas.de\\\/en\\\/expertise\\\/\",\"url\":\"https:\\\/\\\/gazeas.de\\\/en\\\/expertise\\\/\",\"name\":\"Kompetenzen - GAZEAS NEPOMUCK Rechtsanw\u00e4lte f\u00fcr Strafrecht\",\"isPartOf\":{\"@id\":\"https:\\\/\\\/gazeas.de\\\/#website\"},\"datePublished\":\"2019-05-24T13:08:11+00:00\",\"dateModified\":\"2021-03-19T10:00:52+00:00\",\"description\":\"Die Kompetenzen der GAZEAS NEPOMUCK Rechtsanw\u00e4lte aus K\u00f6ln sind spezialisiert auf das Strafrecht. Im Zentrum steht das Wirtschafts- und Steuerstrafrecht.\",\"breadcrumb\":{\"@id\":\"https:\\\/\\\/gazeas.de\\\/en\\\/expertise\\\/#breadcrumb\"},\"inLanguage\":\"en-US\",\"potentialAction\":[{\"@type\":\"ReadAction\",\"target\":[\"https:\\\/\\\/gazeas.de\\\/en\\\/expertise\\\/\"]}]},{\"@type\":\"BreadcrumbList\",\"@id\":\"https:\\\/\\\/gazeas.de\\\/en\\\/expertise\\\/#breadcrumb\",\"itemListElement\":[{\"@type\":\"ListItem\",\"position\":1,\"name\":\"Startseite\",\"item\":\"https:\\\/\\\/gazeas.de\\\/en\\\/\"},{\"@type\":\"ListItem\",\"position\":2,\"name\":\"Our Expertise\"}]},{\"@type\":\"WebSite\",\"@id\":\"https:\\\/\\\/gazeas.de\\\/#website\",\"url\":\"https:\\\/\\\/gazeas.de\\\/\",\"name\":\"Gazeas Nepomuck\",\"description\":\"Team\",\"publisher\":{\"@id\":\"https:\\\/\\\/gazeas.de\\\/#organization\"},\"potentialAction\":[{\"@type\":\"SearchAction\",\"target\":{\"@type\":\"EntryPoint\",\"urlTemplate\":\"https:\\\/\\\/gazeas.de\\\/?s={search_term_string}\"},\"query-input\":{\"@type\":\"PropertyValueSpecification\",\"valueRequired\":true,\"valueName\":\"search_term_string\"}}],\"inLanguage\":\"en-US\"},{\"@type\":\"Organization\",\"@id\":\"https:\\\/\\\/gazeas.de\\\/#organization\",\"name\":\"GAZEAS NEPOMUCK Rechtsanw\u00e4lte\",\"url\":\"https:\\\/\\\/gazeas.de\\\/\",\"logo\":{\"@type\":\"ImageObject\",\"inLanguage\":\"en-US\",\"@id\":\"https:\\\/\\\/gazeas.de\\\/#\\\/schema\\\/logo\\\/image\\\/\",\"url\":\"https:\\\/\\\/gazeas.de\\\/wp-content\\\/uploads\\\/gazeas-nepomuck-rechtsanwaelte-logo.png\",\"contentUrl\":\"https:\\\/\\\/gazeas.de\\\/wp-content\\\/uploads\\\/gazeas-nepomuck-rechtsanwaelte-logo.png\",\"width\":981,\"height\":95,\"caption\":\"GAZEAS NEPOMUCK Rechtsanw\u00e4lte\"},\"image\":{\"@id\":\"https:\\\/\\\/gazeas.de\\\/#\\\/schema\\\/logo\\\/image\\\/\"}}]}<\/script>\n<!-- \/ Yoast SEO plugin. -->","yoast_head_json":{"title":"Kompetenzen - GAZEAS NEPOMUCK Rechtsanw\u00e4lte f\u00fcr Strafrecht","description":"Die Kompetenzen der GAZEAS NEPOMUCK Rechtsanw\u00e4lte aus K\u00f6ln sind spezialisiert auf das Strafrecht. Im Zentrum steht das Wirtschafts- und Steuerstrafrecht.","robots":{"index":"index","follow":"follow","max-snippet":"max-snippet:-1","max-image-preview":"max-image-preview:large","max-video-preview":"max-video-preview:-1"},"canonical":"https:\/\/gazeas.de\/en\/expertise\/","og_locale":"en_US","og_type":"article","og_title":"Kompetenzen - GAZEAS NEPOMUCK Rechtsanw\u00e4lte f\u00fcr Strafrecht","og_description":"Die Kompetenzen der GAZEAS NEPOMUCK Rechtsanw\u00e4lte aus K\u00f6ln sind spezialisiert auf das Strafrecht. Im Zentrum steht das Wirtschafts- und Steuerstrafrecht.","og_url":"https:\/\/gazeas.de\/en\/expertise\/","og_site_name":"Gazeas Nepomuck","article_modified_time":"2021-03-19T10:00:52+00:00","twitter_card":"summary_large_image","schema":{"@context":"https:\/\/schema.org","@graph":[{"@type":"WebPage","@id":"https:\/\/gazeas.de\/en\/expertise\/","url":"https:\/\/gazeas.de\/en\/expertise\/","name":"Kompetenzen - GAZEAS NEPOMUCK Rechtsanw\u00e4lte f\u00fcr Strafrecht","isPartOf":{"@id":"https:\/\/gazeas.de\/#website"},"datePublished":"2019-05-24T13:08:11+00:00","dateModified":"2021-03-19T10:00:52+00:00","description":"Die Kompetenzen der GAZEAS NEPOMUCK Rechtsanw\u00e4lte aus K\u00f6ln sind spezialisiert auf das Strafrecht. Im Zentrum steht das Wirtschafts- und Steuerstrafrecht.","breadcrumb":{"@id":"https:\/\/gazeas.de\/en\/expertise\/#breadcrumb"},"inLanguage":"en-US","potentialAction":[{"@type":"ReadAction","target":["https:\/\/gazeas.de\/en\/expertise\/"]}]},{"@type":"BreadcrumbList","@id":"https:\/\/gazeas.de\/en\/expertise\/#breadcrumb","itemListElement":[{"@type":"ListItem","position":1,"name":"Startseite","item":"https:\/\/gazeas.de\/en\/"},{"@type":"ListItem","position":2,"name":"Our Expertise"}]},{"@type":"WebSite","@id":"https:\/\/gazeas.de\/#website","url":"https:\/\/gazeas.de\/","name":"Gazeas Nepomuck","description":"Team","publisher":{"@id":"https:\/\/gazeas.de\/#organization"},"potentialAction":[{"@type":"SearchAction","target":{"@type":"EntryPoint","urlTemplate":"https:\/\/gazeas.de\/?s={search_term_string}"},"query-input":{"@type":"PropertyValueSpecification","valueRequired":true,"valueName":"search_term_string"}}],"inLanguage":"en-US"},{"@type":"Organization","@id":"https:\/\/gazeas.de\/#organization","name":"GAZEAS NEPOMUCK Rechtsanw\u00e4lte","url":"https:\/\/gazeas.de\/","logo":{"@type":"ImageObject","inLanguage":"en-US","@id":"https:\/\/gazeas.de\/#\/schema\/logo\/image\/","url":"https:\/\/gazeas.de\/wp-content\/uploads\/gazeas-nepomuck-rechtsanwaelte-logo.png","contentUrl":"https:\/\/gazeas.de\/wp-content\/uploads\/gazeas-nepomuck-rechtsanwaelte-logo.png","width":981,"height":95,"caption":"GAZEAS NEPOMUCK Rechtsanw\u00e4lte"},"image":{"@id":"https:\/\/gazeas.de\/#\/schema\/logo\/image\/"}}]}},"_links":{"self":[{"href":"https:\/\/gazeas.de\/en\/wp-json\/wp\/v2\/pages\/1841","targetHints":{"allow":["GET"]}}],"collection":[{"href":"https:\/\/gazeas.de\/en\/wp-json\/wp\/v2\/pages"}],"about":[{"href":"https:\/\/gazeas.de\/en\/wp-json\/wp\/v2\/types\/page"}],"author":[{"embeddable":true,"href":"https:\/\/gazeas.de\/en\/wp-json\/wp\/v2\/users\/2"}],"replies":[{"embeddable":true,"href":"https:\/\/gazeas.de\/en\/wp-json\/wp\/v2\/comments?post=1841"}],"version-history":[{"count":0,"href":"https:\/\/gazeas.de\/en\/wp-json\/wp\/v2\/pages\/1841\/revisions"}],"wp:attachment":[{"href":"https:\/\/gazeas.de\/en\/wp-json\/wp\/v2\/media?parent=1841"}],"curies":[{"name":"wp","href":"https:\/\/api.w.org\/{rel}","templated":true}]}}