{"id":1843,"date":"2019-05-24T15:09:06","date_gmt":"2019-05-24T13:09:06","guid":{"rendered":"https:\/\/gazeas.de\/contact\/"},"modified":"2023-08-01T11:20:12","modified_gmt":"2023-08-01T09:20:12","slug":"contact","status":"publish","type":"page","link":"https:\/\/gazeas.de\/en\/contact\/","title":{"rendered":"Contact"},"content":{"rendered":"<div class=\"wpb-content-wrapper\">[vc_row css=&#8221;.vc_custom_1541496326481{margin-top: -45px !important;background-position: center !important;background-repeat: no-repeat !important;background-size: cover !important;}&#8221;][vc_column][wgl_spacing spacer_size=&#8221;40px&#8221;][wgl_double_headings align=&#8221;center&#8221; title_color=&#8221;#151515&#8243; subtitle_size=&#8221;28px&#8221; subtitle_color=&#8221;#a69475&#8243; google_fonts_subtitle=&#8221;font_family:Lato%3A100%2C100italic%2C300%2C300italic%2Cregular%2Citalic%2C700%2C700italic%2C900%2C900italic|font_style:400%20regular%3A400%3Anormal&#8221; subtitle=&#8221;Contact&#8221; custom_fonts_subtitle=&#8221;true&#8221;][\/vc_column][\/vc_row][vc_row][vc_column width=&#8221;1\/4&#8243;][wgl_info_box ib_type=&#8221;full_size&#8221; ib_align=&#8221;center&#8221; icon_type=&#8221;font&#8221; icon_font_type=&#8221;type_fontawesome&#8221; icon_fontawesome=&#8221;fa fa-home&#8221; subtitle_tag=&#8221;div&#8221; subtitle_size=&#8221;20&#8243; ib_title=&#8221;Adresse&#8221; custom_icon_color=&#8221;true&#8221; ib_subtitle=&#8221;Theodor-Heuss-Ring 34, 50668 K\u00f6ln&#8221;][wgl_spacing spacer_size=&#8221;10px&#8221;][\/vc_column][vc_column width=&#8221;1\/4&#8243;][wgl_info_box ib_type=&#8221;full_size&#8221; ib_align=&#8221;center&#8221; icon_type=&#8221;font&#8221; icon_font_type=&#8221;type_fontawesome&#8221; icon_fontawesome=&#8221;fa fa-phone&#8221; subtitle_tag=&#8221;div&#8221; subtitle_size=&#8221;20&#8243; ib_title=&#8221;Telephone&#8221; custom_icon_color=&#8221;true&#8221; ib_subtitle=&#8221;+49 221 97 58 58-10&#8243;][wgl_spacing spacer_size=&#8221;10px&#8221;][\/vc_column][vc_column width=&#8221;1\/4&#8243;][wgl_info_box ib_type=&#8221;full_size&#8221; ib_align=&#8221;center&#8221; icon_type=&#8221;font&#8221; icon_font_type=&#8221;type_fontawesome&#8221; icon_fontawesome=&#8221;fa fa-fax&#8221; subtitle_tag=&#8221;div&#8221; subtitle_size=&#8221;20&#8243; ib_title=&#8221;Fax&#8221; custom_icon_color=&#8221;true&#8221; ib_subtitle=&#8221;+49 221 97 58 58-280&#8243;][wgl_spacing spacer_size=&#8221;10px&#8221;][\/vc_column][vc_column width=&#8221;1\/4&#8243;][wgl_info_box ib_type=&#8221;full_size&#8221; ib_align=&#8221;center&#8221; icon_type=&#8221;font&#8221; icon_font_type=&#8221;type_fontawesome&#8221; icon_fontawesome=&#8221;fa fa-envelope-o&#8221; subtitle_tag=&#8221;div&#8221; subtitle_size=&#8221;20&#8243; ib_title=&#8221;E-Mail&#8221; custom_icon_color=&#8221;true&#8221; ib_subtitle=&#8221;info@gazeas.de&#8221;][wgl_spacing spacer_size=&#8221;10px&#8221;][\/vc_column][\/vc_row][vc_row][vc_column width=&#8221;1\/6&#8243;][\/vc_column][vc_column width=&#8221;2\/3&#8243;][wgl_info_box ib_type=&#8221;full_size&#8221; ib_align=&#8221;center&#8221; icon_type=&#8221;font&#8221; icon_font_type=&#8221;type_fontawesome&#8221; icon_fontawesome=&#8221;fa fa-bell&#8221; title_size=&#8221;24&#8243; title_weight=&#8221;700&#8243; subtitle_tag=&#8221;div&#8221; subtitle_size=&#8221;20&#8243; ib_title=&#8221;Emergency-Number: +49 221 97 58 58-110&#8243; custom_icon_color=&#8221;true&#8221;][wgl_button button_text=&#8221;Directions&#8221; size=&#8221;m&#8221; align=&#8221;center&#8221; link=&#8221;url:https%3A%2F%2Fgazeas.de%2Fwp-content%2Fuploads%2FAnfahrtsbeschreibung.pdf|title:Anfahrtsbeschreibung|target:%20_blank|&#8221;][wgl_spacing spacer_size=&#8221;50px&#8221;][\/vc_column][vc_column width=&#8221;1\/6&#8243;][\/vc_column][\/vc_row][vc_row disable_element=&#8221;yes&#8221;][vc_column width=&#8221;1\/6&#8243;][\/vc_column][vc_column width=&#8221;2\/3&#8243;][wgl_double_headings align=&#8221;center&#8221; title_color=&#8221;#151515&#8243; subtitle_size=&#8221;34px&#8221; subtitle_color=&#8221;#4d4b4b&#8221; subtitle=&#8221;Kontaktformular&#8221;][wgl_spacing spacer_size=&#8221;35px&#8221;]\n<div class=\"wpcf7 no-js\" id=\"wpcf7-f5-o1\" lang=\"de-DE\" dir=\"ltr\" data-wpcf7-id=\"5\">\n<div class=\"screen-reader-response\"><p role=\"status\" aria-live=\"polite\" aria-atomic=\"true\"><\/p> <ul><\/ul><\/div>\n<form action=\"\/en\/wp-json\/wp\/v2\/pages\/1843#wpcf7-f5-o1\" method=\"post\" class=\"wpcf7-form init\" aria-label=\"Kontaktformular\" novalidate=\"novalidate\" data-status=\"init\">\n<fieldset class=\"hidden-fields-container\"><input type=\"hidden\" name=\"_wpcf7\" value=\"5\" \/><input type=\"hidden\" name=\"_wpcf7_version\" value=\"6.1.5\" \/><input type=\"hidden\" name=\"_wpcf7_locale\" value=\"de_DE\" \/><input type=\"hidden\" name=\"_wpcf7_unit_tag\" value=\"wpcf7-f5-o1\" \/><input type=\"hidden\" name=\"_wpcf7_container_post\" value=\"0\" \/><input type=\"hidden\" name=\"_wpcf7_posted_data_hash\" value=\"\" \/>\n<\/fieldset>\n<p><label>Name (Pflichtfeld)<br \/>\n<span class=\"wpcf7-form-control-wrap\" data-name=\"your-name\"><input size=\"40\" maxlength=\"400\" class=\"wpcf7-form-control wpcf7-text wpcf7-validates-as-required\" aria-required=\"true\" aria-invalid=\"false\" value=\"\" type=\"text\" name=\"your-name\" \/><\/span> <\/label>\n<\/p>\n<p><label>E-Mail-Adresse (Pflichtfeld)<br \/>\n<span class=\"wpcf7-form-control-wrap\" data-name=\"your-email\"><input size=\"40\" maxlength=\"400\" class=\"wpcf7-form-control wpcf7-email wpcf7-validates-as-required wpcf7-text wpcf7-validates-as-email\" aria-required=\"true\" aria-invalid=\"false\" value=\"\" type=\"email\" name=\"your-email\" \/><\/span> <\/label>\n<\/p>\n<p><label>Betreff<br \/>\n<span class=\"wpcf7-form-control-wrap\" data-name=\"your-subject\"><input size=\"40\" maxlength=\"400\" class=\"wpcf7-form-control wpcf7-text\" aria-invalid=\"false\" value=\"\" type=\"text\" name=\"your-subject\" \/><\/span> <\/label>\n<\/p>\n<p><label>Nachricht<br \/>\n<span class=\"wpcf7-form-control-wrap\" data-name=\"your-message\"><textarea cols=\"40\" rows=\"10\" maxlength=\"2000\" class=\"wpcf7-form-control wpcf7-textarea\" aria-invalid=\"false\" name=\"your-message\"><\/textarea><\/span> <\/label>\n<\/p>\n<p><span class=\"wpcf7-form-control-wrap\" data-name=\"Datenschutz\"><span class=\"wpcf7-form-control wpcf7-checkbox wpcf7-validates-as-required\"><span class=\"wpcf7-list-item first last\"><input type=\"checkbox\" name=\"Datenschutz[]\" value=\"Datenschutz (Pflichtfeld): Durch das Best\u00e4tigen dieser Checkbox erkl\u00e4ren Sie sich mit der Speicherung &amp; Verarbeitung Ihrer Daten durch diese Webseite einverstanden. Die Daten werden zur Beantwortung Ihrer Nachricht verwendet.\" \/><span class=\"wpcf7-list-item-label\">Datenschutz (Pflichtfeld): Durch das Best\u00e4tigen dieser Checkbox erkl\u00e4ren Sie sich mit der Speicherung &amp; Verarbeitung Ihrer Daten durch diese Webseite einverstanden. Die Daten werden zur Beantwortung Ihrer Nachricht verwendet.<\/span><\/span><\/span><\/span>\n<\/p>\n<p><input class=\"wpcf7-form-control wpcf7-submit has-spinner\" type=\"submit\" value=\"Senden\" \/>\n<\/p><div class=\"wpcf7-response-output\" aria-hidden=\"true\"><\/div>\n<\/form>\n<\/div>\n[\/vc_column][vc_column width=&#8221;1\/6&#8243;][\/vc_column][\/vc_row][vc_row full_width=&#8221;stretch_row_content_no_spaces&#8221; css=&#8221;.vc_custom_1548932128790{margin-bottom: -50px !important;}&#8221;][vc_column][vc_single_image image=&#8221;1597&#8243; img_size=&#8221;full&#8221; alignment=&#8221;center&#8221; onclick=&#8221;custom_link&#8221; img_link_target=&#8221;_blank&#8221; link=&#8221;https:\/\/www.google.com\/maps\/place\/Theodor-Heuss-Ring+34,+50668+K\u00f6ln\/@50.94979,6.960346,17z\/data=!3m1!4b1!4m5!3m4!1s0x47bf25bd0d12ebe5:0x56b42c388ee12b35!8m2!3d50.94979!4d6.96254&#8243;][\/vc_column][\/vc_row]\n<\/div>","protected":false},"excerpt":{"rendered":"<p>[vc_row css=&#8221;.vc_custom_1541496326481{margin-top: -45px !important;background-position: center !important;background-repeat: no-repeat !important;background-size: cover !important;}&#8221;][vc_column][wgl_spacing spacer_size=&#8221;40px&#8221;][wgl_double_headings align=&#8221;center&#8221; title_color=&#8221;#151515&#8243; subtitle_size=&#8221;28px&#8221; subtitle_color=&#8221;#a69475&#8243; google_fonts_subtitle=&#8221;font_family:Lato%3A100%2C100italic%2C300%2C300italic%2Cregular%2Citalic%2C700%2C700italic%2C900%2C900italic|font_style:400%20regular%3A400%3Anormal&#8221; subtitle=&#8221;Contact&#8221; custom_fonts_subtitle=&#8221;true&#8221;][\/vc_column][\/vc_row][vc_row][vc_column width=&#8221;1\/4&#8243;][wgl_info_box ib_type=&#8221;full_size&#8221; ib_align=&#8221;center&#8221; icon_type=&#8221;font&#8221; icon_font_type=&#8221;type_fontawesome&#8221; icon_fontawesome=&#8221;fa fa-home&#8221; subtitle_tag=&#8221;div&#8221; subtitle_size=&#8221;20&#8243; ib_title=&#8221;Adresse&#8221; custom_icon_color=&#8221;true&#8221; ib_subtitle=&#8221;Theodor-Heuss-Ring 34, 50668 K\u00f6ln&#8221;][wgl_spacing spacer_size=&#8221;10px&#8221;][\/vc_column][vc_column width=&#8221;1\/4&#8243;][wgl_info_box ib_type=&#8221;full_size&#8221; ib_align=&#8221;center&#8221; icon_type=&#8221;font&#8221; icon_font_type=&#8221;type_fontawesome&#8221; icon_fontawesome=&#8221;fa fa-phone&#8221; subtitle_tag=&#8221;div&#8221; subtitle_size=&#8221;20&#8243; ib_title=&#8221;Telephone&#8221; custom_icon_color=&#8221;true&#8221; ib_subtitle=&#8221;+49 221 97 58 58-10&#8243;][wgl_spacing spacer_size=&#8221;10px&#8221;][\/vc_column][vc_column width=&#8221;1\/4&#8243;][wgl_info_box ib_type=&#8221;full_size&#8221; ib_align=&#8221;center&#8221; icon_type=&#8221;font&#8221; [&hellip;]<\/p>\n","protected":false},"author":2,"featured_media":0,"parent":0,"menu_order":0,"comment_status":"closed","ping_status":"closed","template":"","meta":{"footnotes":""},"class_list":["post-1843","page","type-page","status-publish","hentry"],"yoast_head":"<!-- This site is optimized with the Yoast SEO plugin v27.4 - https:\/\/yoast.com\/product\/yoast-seo-wordpress\/ -->\n<title>Contact - GAZEAS NEPOMUCK Rechtsanw\u00e4lte f\u00fcr Strafrecht aus K\u00f6ln<\/title>\n<meta name=\"description\" content=\"Treten Sie mit den GAZEAS NEPOMUCK Rechtsanw\u00e4lten f\u00fcr Strafrecht aus K\u00f6ln in Kontakt und informieren Sie sich \u00fcber unsere Leistungen ...\" \/>\n<meta name=\"robots\" content=\"index, follow, max-snippet:-1, max-image-preview:large, max-video-preview:-1\" \/>\n<link rel=\"canonical\" href=\"https:\/\/gazeas.de\/kontakt\/\" \/>\n<meta property=\"og:locale\" content=\"en_US\" \/>\n<meta property=\"og:type\" content=\"article\" \/>\n<meta property=\"og:title\" content=\"Contact - GAZEAS NEPOMUCK Rechtsanw\u00e4lte f\u00fcr Strafrecht aus K\u00f6ln\" \/>\n<meta property=\"og:description\" content=\"Treten Sie mit den GAZEAS NEPOMUCK Rechtsanw\u00e4lten f\u00fcr Strafrecht aus K\u00f6ln in Kontakt und informieren Sie sich \u00fcber unsere Leistungen ...\" \/>\n<meta property=\"og:url\" content=\"https:\/\/gazeas.de\/kontakt\/\" \/>\n<meta property=\"og:site_name\" content=\"Gazeas Nepomuck\" \/>\n<meta property=\"article:modified_time\" content=\"2023-08-01T09:20:12+00:00\" \/>\n<meta name=\"twitter:card\" content=\"summary_large_image\" \/>\n<script type=\"application\/ld+json\" class=\"yoast-schema-graph\">{\"@context\":\"https:\\\/\\\/schema.org\",\"@graph\":[{\"@type\":\"WebPage\",\"@id\":\"https:\\\/\\\/gazeas.de\\\/kontakt\\\/\",\"url\":\"https:\\\/\\\/gazeas.de\\\/kontakt\\\/\",\"name\":\"Contact - GAZEAS NEPOMUCK Rechtsanw\u00e4lte f\u00fcr Strafrecht aus K\u00f6ln\",\"isPartOf\":{\"@id\":\"https:\\\/\\\/gazeas.de\\\/#website\"},\"datePublished\":\"2019-05-24T13:09:06+00:00\",\"dateModified\":\"2023-08-01T09:20:12+00:00\",\"description\":\"Treten Sie mit den GAZEAS NEPOMUCK Rechtsanw\u00e4lten f\u00fcr Strafrecht aus K\u00f6ln in Kontakt und informieren Sie sich \u00fcber unsere Leistungen ...\",\"breadcrumb\":{\"@id\":\"https:\\\/\\\/gazeas.de\\\/kontakt\\\/#breadcrumb\"},\"inLanguage\":\"en-US\",\"potentialAction\":[{\"@type\":\"ReadAction\",\"target\":[\"https:\\\/\\\/gazeas.de\\\/kontakt\\\/\"]}]},{\"@type\":\"BreadcrumbList\",\"@id\":\"https:\\\/\\\/gazeas.de\\\/kontakt\\\/#breadcrumb\",\"itemListElement\":[{\"@type\":\"ListItem\",\"position\":1,\"name\":\"Startseite\",\"item\":\"https:\\\/\\\/gazeas.de\\\/en\\\/\"},{\"@type\":\"ListItem\",\"position\":2,\"name\":\"Contact\"}]},{\"@type\":\"WebSite\",\"@id\":\"https:\\\/\\\/gazeas.de\\\/#website\",\"url\":\"https:\\\/\\\/gazeas.de\\\/\",\"name\":\"Gazeas Nepomuck\",\"description\":\"Team\",\"publisher\":{\"@id\":\"https:\\\/\\\/gazeas.de\\\/#organization\"},\"potentialAction\":[{\"@type\":\"SearchAction\",\"target\":{\"@type\":\"EntryPoint\",\"urlTemplate\":\"https:\\\/\\\/gazeas.de\\\/?s={search_term_string}\"},\"query-input\":{\"@type\":\"PropertyValueSpecification\",\"valueRequired\":true,\"valueName\":\"search_term_string\"}}],\"inLanguage\":\"en-US\"},{\"@type\":\"Organization\",\"@id\":\"https:\\\/\\\/gazeas.de\\\/#organization\",\"name\":\"GAZEAS NEPOMUCK Rechtsanw\u00e4lte\",\"url\":\"https:\\\/\\\/gazeas.de\\\/\",\"logo\":{\"@type\":\"ImageObject\",\"inLanguage\":\"en-US\",\"@id\":\"https:\\\/\\\/gazeas.de\\\/#\\\/schema\\\/logo\\\/image\\\/\",\"url\":\"https:\\\/\\\/gazeas.de\\\/wp-content\\\/uploads\\\/gazeas-nepomuck-rechtsanwaelte-logo.png\",\"contentUrl\":\"https:\\\/\\\/gazeas.de\\\/wp-content\\\/uploads\\\/gazeas-nepomuck-rechtsanwaelte-logo.png\",\"width\":981,\"height\":95,\"caption\":\"GAZEAS NEPOMUCK Rechtsanw\u00e4lte\"},\"image\":{\"@id\":\"https:\\\/\\\/gazeas.de\\\/#\\\/schema\\\/logo\\\/image\\\/\"}}]}<\/script>\n<!-- \/ Yoast SEO plugin. -->","yoast_head_json":{"title":"Contact - GAZEAS NEPOMUCK Rechtsanw\u00e4lte f\u00fcr Strafrecht aus K\u00f6ln","description":"Treten Sie mit den GAZEAS NEPOMUCK Rechtsanw\u00e4lten f\u00fcr Strafrecht aus K\u00f6ln in Kontakt und informieren Sie sich \u00fcber unsere Leistungen ...","robots":{"index":"index","follow":"follow","max-snippet":"max-snippet:-1","max-image-preview":"max-image-preview:large","max-video-preview":"max-video-preview:-1"},"canonical":"https:\/\/gazeas.de\/kontakt\/","og_locale":"en_US","og_type":"article","og_title":"Contact - GAZEAS NEPOMUCK Rechtsanw\u00e4lte f\u00fcr Strafrecht aus K\u00f6ln","og_description":"Treten Sie mit den GAZEAS NEPOMUCK Rechtsanw\u00e4lten f\u00fcr Strafrecht aus K\u00f6ln in Kontakt und informieren Sie sich \u00fcber unsere Leistungen ...","og_url":"https:\/\/gazeas.de\/kontakt\/","og_site_name":"Gazeas Nepomuck","article_modified_time":"2023-08-01T09:20:12+00:00","twitter_card":"summary_large_image","schema":{"@context":"https:\/\/schema.org","@graph":[{"@type":"WebPage","@id":"https:\/\/gazeas.de\/kontakt\/","url":"https:\/\/gazeas.de\/kontakt\/","name":"Contact - GAZEAS NEPOMUCK Rechtsanw\u00e4lte f\u00fcr Strafrecht aus K\u00f6ln","isPartOf":{"@id":"https:\/\/gazeas.de\/#website"},"datePublished":"2019-05-24T13:09:06+00:00","dateModified":"2023-08-01T09:20:12+00:00","description":"Treten Sie mit den GAZEAS NEPOMUCK Rechtsanw\u00e4lten f\u00fcr Strafrecht aus K\u00f6ln in Kontakt und informieren Sie sich \u00fcber unsere Leistungen ...","breadcrumb":{"@id":"https:\/\/gazeas.de\/kontakt\/#breadcrumb"},"inLanguage":"en-US","potentialAction":[{"@type":"ReadAction","target":["https:\/\/gazeas.de\/kontakt\/"]}]},{"@type":"BreadcrumbList","@id":"https:\/\/gazeas.de\/kontakt\/#breadcrumb","itemListElement":[{"@type":"ListItem","position":1,"name":"Startseite","item":"https:\/\/gazeas.de\/en\/"},{"@type":"ListItem","position":2,"name":"Contact"}]},{"@type":"WebSite","@id":"https:\/\/gazeas.de\/#website","url":"https:\/\/gazeas.de\/","name":"Gazeas Nepomuck","description":"Team","publisher":{"@id":"https:\/\/gazeas.de\/#organization"},"potentialAction":[{"@type":"SearchAction","target":{"@type":"EntryPoint","urlTemplate":"https:\/\/gazeas.de\/?s={search_term_string}"},"query-input":{"@type":"PropertyValueSpecification","valueRequired":true,"valueName":"search_term_string"}}],"inLanguage":"en-US"},{"@type":"Organization","@id":"https:\/\/gazeas.de\/#organization","name":"GAZEAS NEPOMUCK Rechtsanw\u00e4lte","url":"https:\/\/gazeas.de\/","logo":{"@type":"ImageObject","inLanguage":"en-US","@id":"https:\/\/gazeas.de\/#\/schema\/logo\/image\/","url":"https:\/\/gazeas.de\/wp-content\/uploads\/gazeas-nepomuck-rechtsanwaelte-logo.png","contentUrl":"https:\/\/gazeas.de\/wp-content\/uploads\/gazeas-nepomuck-rechtsanwaelte-logo.png","width":981,"height":95,"caption":"GAZEAS NEPOMUCK Rechtsanw\u00e4lte"},"image":{"@id":"https:\/\/gazeas.de\/#\/schema\/logo\/image\/"}}]}},"_links":{"self":[{"href":"https:\/\/gazeas.de\/en\/wp-json\/wp\/v2\/pages\/1843","targetHints":{"allow":["GET"]}}],"collection":[{"href":"https:\/\/gazeas.de\/en\/wp-json\/wp\/v2\/pages"}],"about":[{"href":"https:\/\/gazeas.de\/en\/wp-json\/wp\/v2\/types\/page"}],"author":[{"embeddable":true,"href":"https:\/\/gazeas.de\/en\/wp-json\/wp\/v2\/users\/2"}],"replies":[{"embeddable":true,"href":"https:\/\/gazeas.de\/en\/wp-json\/wp\/v2\/comments?post=1843"}],"version-history":[{"count":0,"href":"https:\/\/gazeas.de\/en\/wp-json\/wp\/v2\/pages\/1843\/revisions"}],"wp:attachment":[{"href":"https:\/\/gazeas.de\/en\/wp-json\/wp\/v2\/media?parent=1843"}],"curies":[{"name":"wp","href":"https:\/\/api.w.org\/{rel}","templated":true}]}}