{"id":1848,"date":"2019-05-24T15:10:56","date_gmt":"2019-05-24T13:10:56","guid":{"rendered":"https:\/\/gazeas.de\/news\/"},"modified":"2021-04-08T10:34:39","modified_gmt":"2021-04-08T08:34:39","slug":"news","status":"publish","type":"page","link":"https:\/\/gazeas.de\/en\/news\/","title":{"rendered":"News"},"content":{"rendered":"<div class=\"wpb-content-wrapper\">[vc_row css=&#8221;.vc_custom_1548342872294{margin-top: -45px !important;background-position: center !important;background-repeat: no-repeat !important;background-size: cover !important;}&#8221;][vc_column][wgl_spacing spacer_size=&#8221;40px&#8221;][wgl_double_headings align=&#8221;center&#8221; title_color=&#8221;#151515&#8243; subtitle_size=&#8221;28px&#8221; subtitle_color=&#8221;#a69475&#8243; google_fonts_subtitle=&#8221;font_family:Lato%3A100%2C100italic%2C300%2C300italic%2Cregular%2Citalic%2C700%2C700italic%2C900%2C900italic|font_style:400%20regular%3A400%3Anormal&#8221; subtitle=&#8221;News&#8221; custom_fonts_subtitle=&#8221;true&#8221;][wgl_spacing spacer_size=&#8221;100px&#8221;][wgl_blog_posts_standard blog_columns=&#8221;4&#8243; read_more_text=&#8221;read more&#8221; heading_tag=&#8221;h4&#8243; heading_margin_bottom=&#8221;2px&#8221; number_of_posts=&#8221;48&#8243; order_by=&#8221;date&#8221; order=&#8221;DESC&#8221;][wgl_spacing spacer_size=&#8221;60&#8243;][wgl_spacing spacer_size=&#8221;40px&#8221;][\/vc_column][\/vc_row]\n<\/div>","protected":false},"excerpt":{"rendered":"<p>[vc_row css=&#8221;.vc_custom_1548342872294{margin-top: -45px !important;background-position: center !important;background-repeat: no-repeat !important;background-size: cover !important;}&#8221;][vc_column][wgl_spacing spacer_size=&#8221;40px&#8221;][wgl_double_headings align=&#8221;center&#8221; title_color=&#8221;#151515&#8243; subtitle_size=&#8221;28px&#8221; subtitle_color=&#8221;#a69475&#8243; google_fonts_subtitle=&#8221;font_family:Lato%3A100%2C100italic%2C300%2C300italic%2Cregular%2Citalic%2C700%2C700italic%2C900%2C900italic|font_style:400%20regular%3A400%3Anormal&#8221; subtitle=&#8221;News&#8221; custom_fonts_subtitle=&#8221;true&#8221;][wgl_spacing spacer_size=&#8221;100px&#8221;][wgl_blog_posts_standard blog_columns=&#8221;4&#8243; read_more_text=&#8221;read more&#8221; heading_tag=&#8221;h4&#8243; heading_margin_bottom=&#8221;2px&#8221; number_of_posts=&#8221;48&#8243; order_by=&#8221;date&#8221; order=&#8221;DESC&#8221;][wgl_spacing spacer_size=&#8221;60&#8243;][wgl_spacing spacer_size=&#8221;40px&#8221;][\/vc_column][\/vc_row]<\/p>\n","protected":false},"author":2,"featured_media":0,"parent":0,"menu_order":0,"comment_status":"closed","ping_status":"closed","template":"","meta":{"footnotes":""},"class_list":["post-1848","page","type-page","status-publish","hentry"],"yoast_head":"<!-- This site is optimized with the Yoast SEO plugin v27.4 - https:\/\/yoast.com\/product\/yoast-seo-wordpress\/ -->\n<title>News - GAZEAS NEPOMUCK Rechtsanw\u00e4lte f\u00fcr Strafrecht aus K\u00f6ln<\/title>\n<meta name=\"description\" content=\"Aktuelle News und Informationen der Rechtsanw\u00e4lte GAZEAS NEPOMUCK f\u00fcr Strafrecht aus K\u00f6ln. Informieren Sie sich \u00fcber Themen aus dem Strafrecht...\" \/>\n<meta name=\"robots\" content=\"index, follow, max-snippet:-1, max-image-preview:large, max-video-preview:-1\" \/>\n<link rel=\"canonical\" href=\"https:\/\/gazeas.de\/en\/news\/\" \/>\n<meta property=\"og:locale\" content=\"en_US\" \/>\n<meta property=\"og:type\" content=\"article\" \/>\n<meta property=\"og:title\" content=\"News - GAZEAS NEPOMUCK Rechtsanw\u00e4lte f\u00fcr Strafrecht aus K\u00f6ln\" \/>\n<meta property=\"og:description\" content=\"Aktuelle News und Informationen der Rechtsanw\u00e4lte GAZEAS NEPOMUCK f\u00fcr Strafrecht aus K\u00f6ln. Informieren Sie sich \u00fcber Themen aus dem Strafrecht...\" \/>\n<meta property=\"og:url\" content=\"https:\/\/gazeas.de\/en\/news\/\" \/>\n<meta property=\"og:site_name\" content=\"Gazeas Nepomuck\" \/>\n<meta property=\"article:modified_time\" content=\"2021-04-08T08:34:39+00:00\" \/>\n<meta name=\"twitter:card\" content=\"summary_large_image\" \/>\n<script type=\"application\/ld+json\" class=\"yoast-schema-graph\">{\"@context\":\"https:\\\/\\\/schema.org\",\"@graph\":[{\"@type\":\"WebPage\",\"@id\":\"https:\\\/\\\/gazeas.de\\\/en\\\/news\\\/\",\"url\":\"https:\\\/\\\/gazeas.de\\\/en\\\/news\\\/\",\"name\":\"News - GAZEAS NEPOMUCK Rechtsanw\u00e4lte f\u00fcr Strafrecht aus K\u00f6ln\",\"isPartOf\":{\"@id\":\"https:\\\/\\\/gazeas.de\\\/#website\"},\"datePublished\":\"2019-05-24T13:10:56+00:00\",\"dateModified\":\"2021-04-08T08:34:39+00:00\",\"description\":\"Aktuelle News und Informationen der Rechtsanw\u00e4lte GAZEAS NEPOMUCK f\u00fcr Strafrecht aus K\u00f6ln. Informieren Sie sich \u00fcber Themen aus dem Strafrecht...\",\"breadcrumb\":{\"@id\":\"https:\\\/\\\/gazeas.de\\\/en\\\/news\\\/#breadcrumb\"},\"inLanguage\":\"en-US\",\"potentialAction\":[{\"@type\":\"ReadAction\",\"target\":[\"https:\\\/\\\/gazeas.de\\\/en\\\/news\\\/\"]}]},{\"@type\":\"BreadcrumbList\",\"@id\":\"https:\\\/\\\/gazeas.de\\\/en\\\/news\\\/#breadcrumb\",\"itemListElement\":[{\"@type\":\"ListItem\",\"position\":1,\"name\":\"Startseite\",\"item\":\"https:\\\/\\\/gazeas.de\\\/en\\\/\"},{\"@type\":\"ListItem\",\"position\":2,\"name\":\"News\"}]},{\"@type\":\"WebSite\",\"@id\":\"https:\\\/\\\/gazeas.de\\\/#website\",\"url\":\"https:\\\/\\\/gazeas.de\\\/\",\"name\":\"Gazeas Nepomuck\",\"description\":\"Team\",\"publisher\":{\"@id\":\"https:\\\/\\\/gazeas.de\\\/#organization\"},\"potentialAction\":[{\"@type\":\"SearchAction\",\"target\":{\"@type\":\"EntryPoint\",\"urlTemplate\":\"https:\\\/\\\/gazeas.de\\\/?s={search_term_string}\"},\"query-input\":{\"@type\":\"PropertyValueSpecification\",\"valueRequired\":true,\"valueName\":\"search_term_string\"}}],\"inLanguage\":\"en-US\"},{\"@type\":\"Organization\",\"@id\":\"https:\\\/\\\/gazeas.de\\\/#organization\",\"name\":\"GAZEAS NEPOMUCK Rechtsanw\u00e4lte\",\"url\":\"https:\\\/\\\/gazeas.de\\\/\",\"logo\":{\"@type\":\"ImageObject\",\"inLanguage\":\"en-US\",\"@id\":\"https:\\\/\\\/gazeas.de\\\/#\\\/schema\\\/logo\\\/image\\\/\",\"url\":\"https:\\\/\\\/gazeas.de\\\/wp-content\\\/uploads\\\/gazeas-nepomuck-rechtsanwaelte-logo.png\",\"contentUrl\":\"https:\\\/\\\/gazeas.de\\\/wp-content\\\/uploads\\\/gazeas-nepomuck-rechtsanwaelte-logo.png\",\"width\":981,\"height\":95,\"caption\":\"GAZEAS NEPOMUCK Rechtsanw\u00e4lte\"},\"image\":{\"@id\":\"https:\\\/\\\/gazeas.de\\\/#\\\/schema\\\/logo\\\/image\\\/\"}}]}<\/script>\n<!-- \/ Yoast SEO plugin. -->","yoast_head_json":{"title":"News - GAZEAS NEPOMUCK Rechtsanw\u00e4lte f\u00fcr Strafrecht aus K\u00f6ln","description":"Aktuelle News und Informationen der Rechtsanw\u00e4lte GAZEAS NEPOMUCK f\u00fcr Strafrecht aus K\u00f6ln. Informieren Sie sich \u00fcber Themen aus dem Strafrecht...","robots":{"index":"index","follow":"follow","max-snippet":"max-snippet:-1","max-image-preview":"max-image-preview:large","max-video-preview":"max-video-preview:-1"},"canonical":"https:\/\/gazeas.de\/en\/news\/","og_locale":"en_US","og_type":"article","og_title":"News - GAZEAS NEPOMUCK Rechtsanw\u00e4lte f\u00fcr Strafrecht aus K\u00f6ln","og_description":"Aktuelle News und Informationen der Rechtsanw\u00e4lte GAZEAS NEPOMUCK f\u00fcr Strafrecht aus K\u00f6ln. Informieren Sie sich \u00fcber Themen aus dem Strafrecht...","og_url":"https:\/\/gazeas.de\/en\/news\/","og_site_name":"Gazeas Nepomuck","article_modified_time":"2021-04-08T08:34:39+00:00","twitter_card":"summary_large_image","schema":{"@context":"https:\/\/schema.org","@graph":[{"@type":"WebPage","@id":"https:\/\/gazeas.de\/en\/news\/","url":"https:\/\/gazeas.de\/en\/news\/","name":"News - GAZEAS NEPOMUCK Rechtsanw\u00e4lte f\u00fcr Strafrecht aus K\u00f6ln","isPartOf":{"@id":"https:\/\/gazeas.de\/#website"},"datePublished":"2019-05-24T13:10:56+00:00","dateModified":"2021-04-08T08:34:39+00:00","description":"Aktuelle News und Informationen der Rechtsanw\u00e4lte GAZEAS NEPOMUCK f\u00fcr Strafrecht aus K\u00f6ln. Informieren Sie sich \u00fcber Themen aus dem Strafrecht...","breadcrumb":{"@id":"https:\/\/gazeas.de\/en\/news\/#breadcrumb"},"inLanguage":"en-US","potentialAction":[{"@type":"ReadAction","target":["https:\/\/gazeas.de\/en\/news\/"]}]},{"@type":"BreadcrumbList","@id":"https:\/\/gazeas.de\/en\/news\/#breadcrumb","itemListElement":[{"@type":"ListItem","position":1,"name":"Startseite","item":"https:\/\/gazeas.de\/en\/"},{"@type":"ListItem","position":2,"name":"News"}]},{"@type":"WebSite","@id":"https:\/\/gazeas.de\/#website","url":"https:\/\/gazeas.de\/","name":"Gazeas Nepomuck","description":"Team","publisher":{"@id":"https:\/\/gazeas.de\/#organization"},"potentialAction":[{"@type":"SearchAction","target":{"@type":"EntryPoint","urlTemplate":"https:\/\/gazeas.de\/?s={search_term_string}"},"query-input":{"@type":"PropertyValueSpecification","valueRequired":true,"valueName":"search_term_string"}}],"inLanguage":"en-US"},{"@type":"Organization","@id":"https:\/\/gazeas.de\/#organization","name":"GAZEAS NEPOMUCK Rechtsanw\u00e4lte","url":"https:\/\/gazeas.de\/","logo":{"@type":"ImageObject","inLanguage":"en-US","@id":"https:\/\/gazeas.de\/#\/schema\/logo\/image\/","url":"https:\/\/gazeas.de\/wp-content\/uploads\/gazeas-nepomuck-rechtsanwaelte-logo.png","contentUrl":"https:\/\/gazeas.de\/wp-content\/uploads\/gazeas-nepomuck-rechtsanwaelte-logo.png","width":981,"height":95,"caption":"GAZEAS NEPOMUCK Rechtsanw\u00e4lte"},"image":{"@id":"https:\/\/gazeas.de\/#\/schema\/logo\/image\/"}}]}},"_links":{"self":[{"href":"https:\/\/gazeas.de\/en\/wp-json\/wp\/v2\/pages\/1848","targetHints":{"allow":["GET"]}}],"collection":[{"href":"https:\/\/gazeas.de\/en\/wp-json\/wp\/v2\/pages"}],"about":[{"href":"https:\/\/gazeas.de\/en\/wp-json\/wp\/v2\/types\/page"}],"author":[{"embeddable":true,"href":"https:\/\/gazeas.de\/en\/wp-json\/wp\/v2\/users\/2"}],"replies":[{"embeddable":true,"href":"https:\/\/gazeas.de\/en\/wp-json\/wp\/v2\/comments?post=1848"}],"version-history":[{"count":0,"href":"https:\/\/gazeas.de\/en\/wp-json\/wp\/v2\/pages\/1848\/revisions"}],"wp:attachment":[{"href":"https:\/\/gazeas.de\/en\/wp-json\/wp\/v2\/media?parent=1848"}],"curies":[{"name":"wp","href":"https:\/\/api.w.org\/{rel}","templated":true}]}}