{"id":2050,"date":"2019-12-23T10:38:37","date_gmt":"2019-12-23T09:38:37","guid":{"rendered":"https:\/\/gazeas.de\/lawyers\/"},"modified":"2025-11-27T11:27:49","modified_gmt":"2025-11-27T10:27:49","slug":"attorneys","status":"publish","type":"page","link":"https:\/\/gazeas.de\/en\/attorneys\/","title":{"rendered":"Team"},"content":{"rendered":"<div class=\"wpb-content-wrapper\">[vc_row css=&#8221;.vc_custom_1548342872294{margin-top: -45px !important;background-position: center !important;background-repeat: no-repeat !important;background-size: cover !important;}&#8221;][vc_column][wgl_spacing spacer_size=&#8221;40px&#8221;][wgl_double_headings align=&#8221;center&#8221; title_color=&#8221;#151515&#8243; subtitle_size=&#8221;28px&#8221; subtitle_color=&#8221;#a69475&#8243; google_fonts_subtitle=&#8221;font_family:Lato%3A100%2C100italic%2C300%2C300italic%2Cregular%2Citalic%2C700%2C700italic%2C900%2C900italic|font_style:400%20regular%3A400%3Anormal&#8221; subtitle=&#8221;ATTORNEYS&#8221; custom_fonts_subtitle=&#8221;true&#8221;][wgl_spacing spacer_size=&#8221;50px&#8221;][\/vc_column][\/vc_row][vc_row][vc_column width=&#8221;1\/6&#8243;][\/vc_column][vc_column width=&#8221;2\/6&#8243;][\/vc_column][vc_column width=&#8221;2\/6&#8243;][\/vc_column][vc_column width=&#8221;1\/6&#8243;][\/vc_column][\/vc_row][vc_row][vc_column width=&#8221;1\/6&#8243;][\/vc_column][vc_column width=&#8221;2\/6&#8243;][\/vc_column][vc_column width=&#8221;2\/6&#8243;][\/vc_column][vc_column width=&#8221;1\/6&#8243;][\/vc_column][\/vc_row][vc_row][vc_column width=&#8221;1\/6&#8243;][\/vc_column][vc_column width=&#8221;2\/6&#8243;][vc_single_image image=&#8221;2039&#8243; img_size=&#8221;medium&#8221; alignment=&#8221;center&#8221; onclick=&#8221;custom_link&#8221; css=&#8221;&#8221; link=&#8221;\/en\/gazeas\/&#8221;][wgl_spacing spacer_size=&#8221;30px&#8221;][vc_custom_heading text=&#8221;Dr. Nikolaos Gazeas LL.M.&#8221; font_container=&#8221;tag:p|font_size:26px|text_align:center&#8221; use_theme_fonts=&#8221;yes&#8221; css=&#8221;.vc_custom_1756716676127{margin-bottom: 1px !important;border-bottom-width: 1px !important;padding-bottom: 1px !important;}&#8221; link=&#8221;url:https%3A%2F%2Fgazeas.de%2Fen%2Fgazeas%2F&#8221;][vc_custom_heading text=&#8221;\u2013 Partner \u2013&#8221; font_container=&#8221;tag:p|font_size:20px|text_align:center&#8221; use_theme_fonts=&#8221;yes&#8221; link=&#8221;url:https%3A%2F%2Fgazeas.de%2Fen%2Fdr-nikolaos-gazeas-ll-m%2F|&#8221;][\/vc_column][vc_column width=&#8221;2\/6&#8243;][vc_single_image image=&#8221;2038&#8243; img_size=&#8221;medium&#8221; alignment=&#8221;center&#8221; onclick=&#8221;custom_link&#8221; css=&#8221;&#8221; link=&#8221;\/en\/nepomuck\/&#8221;][wgl_spacing spacer_size=&#8221;30px&#8221;][vc_custom_heading text=&#8221;Dr. Lutz Nepomuck&#8221; font_container=&#8221;tag:p|font_size:26px|text_align:center&#8221; use_theme_fonts=&#8221;yes&#8221; css=&#8221;.vc_custom_1756716706473{margin-bottom: 1px !important;border-bottom-width: 1px !important;padding-bottom: 1px !important;}&#8221; link=&#8221;url:https%3A%2F%2Fgazeas.de%2Fen%2Fnepomuck%2F&#8221;][vc_custom_heading text=&#8221;\u2013 Partner \u2013&#8221; font_container=&#8221;tag:p|font_size:20px|text_align:center&#8221; use_theme_fonts=&#8221;yes&#8221; link=&#8221;url:https%3A%2F%2Fgazeas.de%2Fen%2Fdr-nikolaos-gazeas-ll-m%2F|&#8221;][\/vc_column][vc_column width=&#8221;1\/6&#8243;][\/vc_column][\/vc_row][vc_row css=&#8221;.vc_custom_1548342872294{margin-top: -45px !important;background-position: center !important;background-repeat: no-repeat !important;background-size: cover !important;}&#8221;][vc_column][wgl_spacing spacer_size=&#8221;40px&#8221;][\/vc_column][\/vc_row][vc_row][vc_column width=&#8221;1\/6&#8243;][\/vc_column][vc_column width=&#8221;2\/6&#8243;][\/vc_column][vc_column width=&#8221;2\/6&#8243;][\/vc_column][vc_column width=&#8221;1\/6&#8243;][\/vc_column][\/vc_row][vc_row][vc_column width=&#8221;1\/3&#8243;][vc_single_image image=&#8221;2037&#8243; img_size=&#8221;medium&#8221; alignment=&#8221;center&#8221; onclick=&#8221;custom_link&#8221; css=&#8221;&#8221; link=&#8221;\/en\/umansky\/&#8221;][wgl_spacing spacer_size=&#8221;30px&#8221;][vc_custom_heading text=&#8221;Dr. Andrej Umansky LL.M.&#8221; font_container=&#8221;tag:p|font_size:26px|text_align:center&#8221; use_theme_fonts=&#8221;yes&#8221; css=&#8221;.vc_custom_1756716239208{margin-bottom: 1px !important;border-bottom-width: 1px !important;padding-bottom: 1px !important;}&#8221; link=&#8221;url:https%3A%2F%2Fgazeas.de%2Fen%2Fumansky%2F&#8221;][vc_custom_heading text=&#8221;\u2013 Salary Partner \u2013&#8221; font_container=&#8221;tag:p|font_size:20px|text_align:center&#8221; use_theme_fonts=&#8221;yes&#8221; css=&#8221;&#8221; link=&#8221;url:https%3A%2F%2Fgazeas.de%2Fen%2Fdr-nikolaos-gazeas-ll-m%2F|&#8221;][\/vc_column][vc_column width=&#8221;1\/3&#8243;][vc_single_image image=&#8221;3256&#8243; img_size=&#8221;medium&#8221; alignment=&#8221;center&#8221; onclick=&#8221;custom_link&#8221; css=&#8221;&#8221; link=&#8221;https:\/\/gazeas.de\/en\/thurm\/&#8221;][wgl_spacing spacer_size=&#8221;30px&#8221;][vc_custom_heading text=&#8221;Malte Thurm&#8221; font_container=&#8221;tag:p|font_size:26px|text_align:center&#8221; use_theme_fonts=&#8221;yes&#8221; css=&#8221;.vc_custom_1756716206717{margin-bottom: 1px !important;border-bottom-width: 1px !important;padding-bottom: 1px !important;}&#8221; link=&#8221;url:https%3A%2F%2Fgazeas.de%2Fen%2Fthurm%2F&#8221;][vc_custom_heading text=&#8221;\u2013 Associate \u2013&#8221; font_container=&#8221;tag:p|font_size:20px|text_align:center&#8221; use_theme_fonts=&#8221;yes&#8221; css=&#8221;&#8221; link=&#8221;url:https%3A%2F%2Fgazeas.de%2Fen%2Fdr-nikolaos-gazeas-ll-m%2F|&#8221;][\/vc_column][vc_column width=&#8221;1\/3&#8243;][vc_single_image image=&#8221;3366&#8243; img_size=&#8221;medium&#8221; alignment=&#8221;center&#8221; onclick=&#8221;custom_link&#8221; css=&#8221;&#8221; link=&#8221;https:\/\/gazeas.de\/en\/el-zein\/&#8221;][wgl_spacing spacer_size=&#8221;30px&#8221;][vc_custom_heading text=&#8221;Dr. Jamal El-Zein&#8221; font_container=&#8221;tag:p|font_size:26px|text_align:center&#8221; use_theme_fonts=&#8221;yes&#8221; css=&#8221;.vc_custom_1755787305285{margin-bottom: 1px !important;border-bottom-width: 1px !important;padding-bottom: 1px !important;}&#8221; link=&#8221;url:https%3A%2F%2Fgazeas.de%2Fen%2Fdr-elzein-m%2F&#8221;][vc_custom_heading text=&#8221;\u2013 Associate \u2013&#8221; font_container=&#8221;tag:p|font_size:20px|text_align:center&#8221; use_theme_fonts=&#8221;yes&#8221; css=&#8221;&#8221; link=&#8221;url:https%3A%2F%2Fgazeas.de%2Fen%2Fel-zein%2F&#8221;][\/vc_column][\/vc_row][vc_row css=&#8221;.vc_custom_1548342872294{margin-top: -45px !important;background-position: center !important;background-repeat: no-repeat !important;background-size: cover !important;}&#8221;][vc_column][wgl_spacing spacer_size=&#8221;40px&#8221;][\/vc_column][\/vc_row][vc_row][vc_column width=&#8221;1\/3&#8243;][\/vc_column][vc_column width=&#8221;1\/3&#8243;][vc_single_image image=&#8221;3258&#8243; img_size=&#8221;medium&#8221; alignment=&#8221;center&#8221; onclick=&#8221;custom_link&#8221; css=&#8221;&#8221; link=&#8221;https:\/\/gazeas.de\/en\/el-ghazi\/&#8221;][wgl_spacing spacer_size=&#8221;30px&#8221;][vc_custom_heading text=&#8221;Prof. Dr. Mohamad El-Ghazi&#8221; font_container=&#8221;tag:p|font_size:26px|text_align:center&#8221; use_theme_fonts=&#8221;yes&#8221; css=&#8221;.vc_custom_1756716038954{margin-bottom: 1px !important;border-bottom-width: 1px !important;padding-bottom: 1px !important;}&#8221; link=&#8221;url:https%3A%2F%2Fgazeas.de%2Fen%2Fel-ghazi%2F&#8221;][vc_custom_heading text=&#8221;\u2013 Of Counsel \u2013&#8221; font_container=&#8221;tag:p|font_size:20px|text_align:center&#8221; use_theme_fonts=&#8221;yes&#8221; css=&#8221;&#8221;][\/vc_column][vc_column width=&#8221;1\/3&#8243;][\/vc_column][\/vc_row][vc_row css=&#8221;.vc_custom_1548342872294{margin-top: -45px !important;background-position: center !important;background-repeat: no-repeat !important;background-size: cover !important;}&#8221;][vc_column][wgl_spacing spacer_size=&#8221;40px&#8221;][wgl_double_headings align=&#8221;center&#8221; title_color=&#8221;#151515&#8243; subtitle_size=&#8221;28px&#8221; subtitle_line_height=&#8221;38px&#8221; subtitle_weight=&#8221;400&#8243; subtitle_color=&#8221;#a69475&#8243; google_fonts_subtitle=&#8221;font_family:Lato%3A100%2C100italic%2C300%2C300italic%2Cregular%2Citalic%2C700%2C700italic%2C900%2C900italic|font_style:400%20regular%3A400%3Anormal&#8221; subtitle=&#8221;RESEARCH ASSISTANTS&#8221; custom_fonts_subtitle=&#8221;true&#8221;][wgl_spacing spacer_size=&#8221;50px&#8221; responsive_mobile=&#8221;true&#8221; size_mobile=&#8221;20&#8243; responsive_tablet=&#8221;true&#8221; size_tablet=&#8221;20&#8243;][\/vc_column][\/vc_row][vc_row][vc_column width=&#8221;1\/3&#8243;][vc_single_image image=&#8221;3297&#8243; img_size=&#8221;medium&#8221; alignment=&#8221;center&#8221; onclick=&#8221;custom_link&#8221; css=&#8221;&#8221;][wgl_spacing spacer_size=&#8221;30px&#8221;][vc_custom_heading text=&#8221;Joshua Bauch&#8221; font_container=&#8221;tag:p|font_size:26px|text_align:center&#8221; use_theme_fonts=&#8221;yes&#8221; css=&#8221;&#8221; link=&#8221;url:mailto%3Abauch%40gazeas.de&#8221;][\/vc_column][vc_column width=&#8221;1\/3&#8243;][vc_single_image image=&#8221;3402&#8243; img_size=&#8221;medium&#8221; alignment=&#8221;center&#8221; onclick=&#8221;custom_link&#8221; css=&#8221;&#8221;][wgl_spacing spacer_size=&#8221;30px&#8221;][vc_custom_heading text=&#8221;Paul Bauerschmitz&#8221; font_container=&#8221;tag:p|font_size:26px|text_align:center&#8221; use_theme_fonts=&#8221;yes&#8221; css=&#8221;&#8221; link=&#8221;url:mailto%3Abauerschmitz%40gazeas.de&#8221;][\/vc_column][vc_column width=&#8221;1\/3&#8243;][vc_single_image image=&#8221;3416&#8243; img_size=&#8221;medium&#8221; alignment=&#8221;center&#8221; onclick=&#8221;custom_link&#8221; css=&#8221;&#8221;][wgl_spacing spacer_size=&#8221;30px&#8221;][vc_custom_heading text=&#8221;Vera Berger&#8221; font_container=&#8221;tag:p|font_size:26px|text_align:center&#8221; use_theme_fonts=&#8221;yes&#8221; css=&#8221;&#8221; link=&#8221;url:mailto%3Aberger%40gazeas.de&#8221;][\/vc_column][\/vc_row][vc_row css=&#8221;.vc_custom_1548342872294{margin-top: -45px !important;background-position: center !important;background-repeat: no-repeat !important;background-size: cover !important;}&#8221;][vc_column][wgl_spacing spacer_size=&#8221;40px&#8221;][\/vc_column][\/vc_row][vc_row][vc_column width=&#8221;1\/3&#8243;][vc_single_image image=&#8221;3257&#8243; img_size=&#8221;medium&#8221; alignment=&#8221;center&#8221; onclick=&#8221;custom_link&#8221; css=&#8221;&#8221;][wgl_spacing spacer_size=&#8221;30px&#8221;][vc_custom_heading text=&#8221;Mara Decku&#8221; font_container=&#8221;tag:p|font_size:26px|text_align:center&#8221; use_theme_fonts=&#8221;yes&#8221; css=&#8221;&#8221; link=&#8221;url:mailto%3Adecku%40gazeas.de&#8221;][\/vc_column][vc_column width=&#8221;1\/3&#8243;][vc_single_image image=&#8221;3293&#8243; img_size=&#8221;medium&#8221; alignment=&#8221;center&#8221; onclick=&#8221;custom_link&#8221; css=&#8221;&#8221; link=&#8221;\/en\/&#8221;][wgl_spacing spacer_size=&#8221;30px&#8221;][vc_custom_heading text=&#8221;Pia Scharpey&#8221; font_container=&#8221;tag:p|font_size:26px|text_align:center&#8221; use_theme_fonts=&#8221;yes&#8221; css=&#8221;.vc_custom_1764239214548{margin-bottom: 1px !important;border-bottom-width: 1px !important;padding-bottom: 1px !important;}&#8221; link=&#8221;url:mailto%3Ascharpey%40gazeas.de&#8221;][\/vc_column][vc_column width=&#8221;1\/3&#8243;][vc_single_image image=&#8221;2435&#8243; img_size=&#8221;medium&#8221; alignment=&#8221;center&#8221; onclick=&#8221;custom_link&#8221;][wgl_spacing spacer_size=&#8221;30px&#8221;][vc_custom_heading text=&#8221;Leo Wiesener&#8221; font_container=&#8221;tag:p|font_size:26px|text_align:center&#8221; use_theme_fonts=&#8221;yes&#8221; css=&#8221;&#8221; link=&#8221;url:mailto%3Awiesener%40gazeas.de&#8221;][\/vc_column][\/vc_row][vc_row css=&#8221;.vc_custom_1548342872294{margin-top: -45px !important;background-position: center !important;background-repeat: no-repeat !important;background-size: cover !important;}&#8221;][vc_column][wgl_spacing spacer_size=&#8221;40px&#8221;][wgl_double_headings align=&#8221;center&#8221; title_color=&#8221;#151515&#8243; subtitle_size=&#8221;28px&#8221; subtitle_line_height=&#8221;38px&#8221; subtitle_weight=&#8221;400&#8243; subtitle_color=&#8221;#A69475&#8243; google_fonts_subtitle=&#8221;font_family:Lato%3A100%2C100italic%2C300%2C300italic%2Cregular%2Citalic%2C700%2C700italic%2C900%2C900italic|font_style:400%20regular%3A400%3Anormal&#8221; subtitle=&#8221;OFFICE MANAGEMENT&#8221; custom_fonts_subtitle=&#8221;true&#8221;][wgl_spacing spacer_size=&#8221;50px&#8221; responsive_mobile=&#8221;true&#8221; size_mobile=&#8221;20&#8243; responsive_tablet=&#8221;true&#8221; size_tablet=&#8221;20&#8243;][\/vc_column][\/vc_row][vc_row][vc_column width=&#8221;1\/6&#8243;][\/vc_column][vc_column width=&#8221;2\/6&#8243;][vc_single_image image=&#8221;3260&#8243; img_size=&#8221;medium&#8221; alignment=&#8221;center&#8221; onclick=&#8221;custom_link&#8221; css=&#8221;&#8221;][wgl_spacing spacer_size=&#8221;30px&#8221;][vc_custom_heading text=&#8221;Fabian Nunes&#8221; font_container=&#8221;tag:p|font_size:26px|text_align:center&#8221; use_theme_fonts=&#8221;yes&#8221; css=&#8221;&#8221; link=&#8221;url:mailto%3Ainfo%40gazeas.de&#8221;][\/vc_column][vc_column width=&#8221;2\/6&#8243;][vc_single_image image=&#8221;3259&#8243; img_size=&#8221;medium&#8221; alignment=&#8221;center&#8221; onclick=&#8221;custom_link&#8221; css=&#8221;&#8221;][wgl_spacing spacer_size=&#8221;30px&#8221;][vc_custom_heading text=&#8221;Tabea Lamers&#8221; font_container=&#8221;tag:p|font_size:26px|text_align:center&#8221; use_theme_fonts=&#8221;yes&#8221; css=&#8221;&#8221; link=&#8221;url:mailto%3Ainfo%40gazeas.de&#8221;][\/vc_column][vc_column width=&#8221;1\/6&#8243;][\/vc_column][\/vc_row][vc_row][vc_column width=&#8221;1\/3&#8243;][\/vc_column][vc_column width=&#8221;1\/3&#8243;][\/vc_column][vc_column width=&#8221;1\/3&#8243;][\/vc_column][\/vc_row]\n<\/div>","protected":false},"excerpt":{"rendered":"<p>[vc_row css=&#8221;.vc_custom_1548342872294{margin-top: -45px !important;background-position: center !important;background-repeat: no-repeat !important;background-size: cover !important;}&#8221;][vc_column][wgl_spacing spacer_size=&#8221;40px&#8221;][wgl_double_headings align=&#8221;center&#8221; title_color=&#8221;#151515&#8243; subtitle_size=&#8221;28px&#8221; subtitle_color=&#8221;#a69475&#8243; google_fonts_subtitle=&#8221;font_family:Lato%3A100%2C100italic%2C300%2C300italic%2Cregular%2Citalic%2C700%2C700italic%2C900%2C900italic|font_style:400%20regular%3A400%3Anormal&#8221; subtitle=&#8221;ATTORNEYS&#8221; custom_fonts_subtitle=&#8221;true&#8221;][wgl_spacing spacer_size=&#8221;50px&#8221;][\/vc_column][\/vc_row][vc_row][vc_column width=&#8221;1\/6&#8243;][\/vc_column][vc_column width=&#8221;2\/6&#8243;][\/vc_column][vc_column width=&#8221;2\/6&#8243;][\/vc_column][vc_column width=&#8221;1\/6&#8243;][\/vc_column][\/vc_row][vc_row][vc_column width=&#8221;1\/6&#8243;][\/vc_column][vc_column width=&#8221;2\/6&#8243;][\/vc_column][vc_column width=&#8221;2\/6&#8243;][\/vc_column][vc_column width=&#8221;1\/6&#8243;][\/vc_column][\/vc_row][vc_row][vc_column width=&#8221;1\/6&#8243;][\/vc_column][vc_column width=&#8221;2\/6&#8243;][vc_single_image image=&#8221;2039&#8243; img_size=&#8221;medium&#8221; alignment=&#8221;center&#8221; onclick=&#8221;custom_link&#8221; css=&#8221;&#8221; link=&#8221;\/en\/gazeas\/&#8221;][wgl_spacing spacer_size=&#8221;30px&#8221;][vc_custom_heading text=&#8221;Dr. Nikolaos Gazeas LL.M.&#8221; font_container=&#8221;tag:p|font_size:26px|text_align:center&#8221; use_theme_fonts=&#8221;yes&#8221; css=&#8221;.vc_custom_1756716676127{margin-bottom: 1px !important;border-bottom-width: 1px !important;padding-bottom: 1px !important;}&#8221; link=&#8221;url:https%3A%2F%2Fgazeas.de%2Fen%2Fgazeas%2F&#8221;][vc_custom_heading text=&#8221;\u2013 Partner \u2013&#8221; font_container=&#8221;tag:p|font_size:20px|text_align:center&#8221; use_theme_fonts=&#8221;yes&#8221; [&hellip;]<\/p>\n","protected":false},"author":2,"featured_media":0,"parent":0,"menu_order":0,"comment_status":"closed","ping_status":"closed","template":"","meta":{"footnotes":""},"class_list":["post-2050","page","type-page","status-publish","hentry"],"yoast_head":"<!-- This site is optimized with the Yoast SEO plugin v27.4 - https:\/\/yoast.com\/product\/yoast-seo-wordpress\/ -->\n<title>Attorneys - GAZEAS NEPOMUCK<\/title>\n<meta name=\"description\" content=\"GAZEAS NEPOMUCK - Ihre Rechtsanw\u00e4lte f\u00fcr Strafrecht aus K\u00f6ln. Wir beraten, verteidigen und vertreten Unternehmen und Einzelpersonen bundesweit...\" \/>\n<meta name=\"robots\" content=\"index, follow, max-snippet:-1, max-image-preview:large, max-video-preview:-1\" \/>\n<link rel=\"canonical\" href=\"https:\/\/gazeas.de\/en\/attorneys\/\" \/>\n<meta property=\"og:locale\" content=\"en_US\" \/>\n<meta property=\"og:type\" content=\"article\" \/>\n<meta property=\"og:title\" content=\"Attorneys - GAZEAS NEPOMUCK\" \/>\n<meta property=\"og:description\" content=\"GAZEAS NEPOMUCK - Ihre Rechtsanw\u00e4lte f\u00fcr Strafrecht aus K\u00f6ln. Wir beraten, verteidigen und vertreten Unternehmen und Einzelpersonen bundesweit...\" \/>\n<meta property=\"og:url\" content=\"https:\/\/gazeas.de\/en\/attorneys\/\" \/>\n<meta property=\"og:site_name\" content=\"Gazeas Nepomuck\" \/>\n<meta property=\"article:modified_time\" content=\"2025-11-27T10:27:49+00:00\" \/>\n<meta name=\"twitter:card\" content=\"summary_large_image\" \/>\n<script type=\"application\/ld+json\" class=\"yoast-schema-graph\">{\"@context\":\"https:\\\/\\\/schema.org\",\"@graph\":[{\"@type\":\"WebPage\",\"@id\":\"https:\\\/\\\/gazeas.de\\\/en\\\/attorneys\\\/\",\"url\":\"https:\\\/\\\/gazeas.de\\\/en\\\/attorneys\\\/\",\"name\":\"Attorneys - GAZEAS NEPOMUCK\",\"isPartOf\":{\"@id\":\"https:\\\/\\\/gazeas.de\\\/#website\"},\"datePublished\":\"2019-12-23T09:38:37+00:00\",\"dateModified\":\"2025-11-27T10:27:49+00:00\",\"description\":\"GAZEAS NEPOMUCK - Ihre Rechtsanw\u00e4lte f\u00fcr Strafrecht aus K\u00f6ln. Wir beraten, verteidigen und vertreten Unternehmen und Einzelpersonen bundesweit...\",\"breadcrumb\":{\"@id\":\"https:\\\/\\\/gazeas.de\\\/en\\\/attorneys\\\/#breadcrumb\"},\"inLanguage\":\"en-US\",\"potentialAction\":[{\"@type\":\"ReadAction\",\"target\":[\"https:\\\/\\\/gazeas.de\\\/en\\\/attorneys\\\/\"]}]},{\"@type\":\"BreadcrumbList\",\"@id\":\"https:\\\/\\\/gazeas.de\\\/en\\\/attorneys\\\/#breadcrumb\",\"itemListElement\":[{\"@type\":\"ListItem\",\"position\":1,\"name\":\"Startseite\",\"item\":\"https:\\\/\\\/gazeas.de\\\/en\\\/\"},{\"@type\":\"ListItem\",\"position\":2,\"name\":\"Team\"}]},{\"@type\":\"WebSite\",\"@id\":\"https:\\\/\\\/gazeas.de\\\/#website\",\"url\":\"https:\\\/\\\/gazeas.de\\\/\",\"name\":\"Gazeas Nepomuck\",\"description\":\"Team\",\"publisher\":{\"@id\":\"https:\\\/\\\/gazeas.de\\\/#organization\"},\"potentialAction\":[{\"@type\":\"SearchAction\",\"target\":{\"@type\":\"EntryPoint\",\"urlTemplate\":\"https:\\\/\\\/gazeas.de\\\/?s={search_term_string}\"},\"query-input\":{\"@type\":\"PropertyValueSpecification\",\"valueRequired\":true,\"valueName\":\"search_term_string\"}}],\"inLanguage\":\"en-US\"},{\"@type\":\"Organization\",\"@id\":\"https:\\\/\\\/gazeas.de\\\/#organization\",\"name\":\"GAZEAS NEPOMUCK Rechtsanw\u00e4lte\",\"url\":\"https:\\\/\\\/gazeas.de\\\/\",\"logo\":{\"@type\":\"ImageObject\",\"inLanguage\":\"en-US\",\"@id\":\"https:\\\/\\\/gazeas.de\\\/#\\\/schema\\\/logo\\\/image\\\/\",\"url\":\"https:\\\/\\\/gazeas.de\\\/wp-content\\\/uploads\\\/gazeas-nepomuck-rechtsanwaelte-logo.png\",\"contentUrl\":\"https:\\\/\\\/gazeas.de\\\/wp-content\\\/uploads\\\/gazeas-nepomuck-rechtsanwaelte-logo.png\",\"width\":981,\"height\":95,\"caption\":\"GAZEAS NEPOMUCK Rechtsanw\u00e4lte\"},\"image\":{\"@id\":\"https:\\\/\\\/gazeas.de\\\/#\\\/schema\\\/logo\\\/image\\\/\"}}]}<\/script>\n<!-- \/ Yoast SEO plugin. -->","yoast_head_json":{"title":"Attorneys - GAZEAS NEPOMUCK","description":"GAZEAS NEPOMUCK - Ihre Rechtsanw\u00e4lte f\u00fcr Strafrecht aus K\u00f6ln. Wir beraten, verteidigen und vertreten Unternehmen und Einzelpersonen bundesweit...","robots":{"index":"index","follow":"follow","max-snippet":"max-snippet:-1","max-image-preview":"max-image-preview:large","max-video-preview":"max-video-preview:-1"},"canonical":"https:\/\/gazeas.de\/en\/attorneys\/","og_locale":"en_US","og_type":"article","og_title":"Attorneys - GAZEAS NEPOMUCK","og_description":"GAZEAS NEPOMUCK - Ihre Rechtsanw\u00e4lte f\u00fcr Strafrecht aus K\u00f6ln. Wir beraten, verteidigen und vertreten Unternehmen und Einzelpersonen bundesweit...","og_url":"https:\/\/gazeas.de\/en\/attorneys\/","og_site_name":"Gazeas Nepomuck","article_modified_time":"2025-11-27T10:27:49+00:00","twitter_card":"summary_large_image","schema":{"@context":"https:\/\/schema.org","@graph":[{"@type":"WebPage","@id":"https:\/\/gazeas.de\/en\/attorneys\/","url":"https:\/\/gazeas.de\/en\/attorneys\/","name":"Attorneys - GAZEAS NEPOMUCK","isPartOf":{"@id":"https:\/\/gazeas.de\/#website"},"datePublished":"2019-12-23T09:38:37+00:00","dateModified":"2025-11-27T10:27:49+00:00","description":"GAZEAS NEPOMUCK - Ihre Rechtsanw\u00e4lte f\u00fcr Strafrecht aus K\u00f6ln. Wir beraten, verteidigen und vertreten Unternehmen und Einzelpersonen bundesweit...","breadcrumb":{"@id":"https:\/\/gazeas.de\/en\/attorneys\/#breadcrumb"},"inLanguage":"en-US","potentialAction":[{"@type":"ReadAction","target":["https:\/\/gazeas.de\/en\/attorneys\/"]}]},{"@type":"BreadcrumbList","@id":"https:\/\/gazeas.de\/en\/attorneys\/#breadcrumb","itemListElement":[{"@type":"ListItem","position":1,"name":"Startseite","item":"https:\/\/gazeas.de\/en\/"},{"@type":"ListItem","position":2,"name":"Team"}]},{"@type":"WebSite","@id":"https:\/\/gazeas.de\/#website","url":"https:\/\/gazeas.de\/","name":"Gazeas Nepomuck","description":"Team","publisher":{"@id":"https:\/\/gazeas.de\/#organization"},"potentialAction":[{"@type":"SearchAction","target":{"@type":"EntryPoint","urlTemplate":"https:\/\/gazeas.de\/?s={search_term_string}"},"query-input":{"@type":"PropertyValueSpecification","valueRequired":true,"valueName":"search_term_string"}}],"inLanguage":"en-US"},{"@type":"Organization","@id":"https:\/\/gazeas.de\/#organization","name":"GAZEAS NEPOMUCK Rechtsanw\u00e4lte","url":"https:\/\/gazeas.de\/","logo":{"@type":"ImageObject","inLanguage":"en-US","@id":"https:\/\/gazeas.de\/#\/schema\/logo\/image\/","url":"https:\/\/gazeas.de\/wp-content\/uploads\/gazeas-nepomuck-rechtsanwaelte-logo.png","contentUrl":"https:\/\/gazeas.de\/wp-content\/uploads\/gazeas-nepomuck-rechtsanwaelte-logo.png","width":981,"height":95,"caption":"GAZEAS NEPOMUCK Rechtsanw\u00e4lte"},"image":{"@id":"https:\/\/gazeas.de\/#\/schema\/logo\/image\/"}}]}},"_links":{"self":[{"href":"https:\/\/gazeas.de\/en\/wp-json\/wp\/v2\/pages\/2050","targetHints":{"allow":["GET"]}}],"collection":[{"href":"https:\/\/gazeas.de\/en\/wp-json\/wp\/v2\/pages"}],"about":[{"href":"https:\/\/gazeas.de\/en\/wp-json\/wp\/v2\/types\/page"}],"author":[{"embeddable":true,"href":"https:\/\/gazeas.de\/en\/wp-json\/wp\/v2\/users\/2"}],"replies":[{"embeddable":true,"href":"https:\/\/gazeas.de\/en\/wp-json\/wp\/v2\/comments?post=2050"}],"version-history":[{"count":13,"href":"https:\/\/gazeas.de\/en\/wp-json\/wp\/v2\/pages\/2050\/revisions"}],"predecessor-version":[{"id":3417,"href":"https:\/\/gazeas.de\/en\/wp-json\/wp\/v2\/pages\/2050\/revisions\/3417"}],"wp:attachment":[{"href":"https:\/\/gazeas.de\/en\/wp-json\/wp\/v2\/media?parent=2050"}],"curies":[{"name":"wp","href":"https:\/\/api.w.org\/{rel}","templated":true}]}}