{"id":2061,"date":"2019-12-23T10:49:45","date_gmt":"2019-12-23T09:49:45","guid":{"rendered":"https:\/\/gazeas.de\/dr-andrej-umansky-ll-m\/"},"modified":"2025-09-01T10:47:02","modified_gmt":"2025-09-01T08:47:02","slug":"umansky","status":"publish","type":"page","link":"https:\/\/gazeas.de\/en\/umansky\/","title":{"rendered":"Dr. Andrej Umansky LL.M."},"content":{"rendered":"<div class=\"wpb-content-wrapper\">[vc_row gap=&#8221;35&#8243; content_placement=&#8221;middle&#8221;][vc_column width=&#8221;1\/3&#8243;][vc_single_image image=&#8221;2037&#8243; img_size=&#8221;medium&#8221; alignment=&#8221;center&#8221;][wgl_spacing spacer_size=&#8221;50px&#8221;][\/vc_column][vc_column width=&#8221;2\/3&#8243;][wgl_double_headings align=&#8221;center&#8221; title_size=&#8221;48px&#8221; title_color=&#8221;#151515&#8243; subtitle_size=&#8221;20px&#8221; subtitle_color=&#8221;#a69475&#8243; google_fonts_subtitle=&#8221;font_family:Lato%3A100%2C100italic%2C300%2C300italic%2Cregular%2Citalic%2C700%2C700italic%2C900%2C900italic|font_style:400%20regular%3A400%3Anormal&#8221; title=&#8221;Dr. Andrej Umansky LL.M.&#8221; subtitle=&#8221;Attorney&#8221; custom_title_color=&#8221;true&#8221; responsive_font=&#8221;true&#8221; custom_subtitle_color=&#8221;true&#8221; custom_fonts_subtitle=&#8221;true&#8221;][wgl_spacing spacer_size=&#8221;40px&#8221;][wgl_button button_text=&#8221;E-Mail&#8221; size=&#8221;s&#8221; align=&#8221;center&#8221; add_border=&#8221;&#8221; google_fonts_button=&#8221;font_family:Lato%3A100%2C100italic%2C300%2C300italic%2Cregular%2Citalic%2C700%2C700italic%2C900%2C900italic|font_style:400%20regular%3A400%3Anormal&#8221; icon_type=&#8221;font&#8221; icon_font_type=&#8221;type_fontawesome&#8221; icon_fontawesome=&#8221;fa fa-envelope-o&#8221; link=&#8221;url:mailto%3Aumansky%40gazeas.de||target:%20_blank|rel:nofollow&#8221; custom_fonts_button=&#8221;true&#8221;][wgl_spacing spacer_size=&#8221;30px&#8221;][\/vc_column][\/vc_row][vc_row][vc_column][vc_column_text]Dr. Andrej Umansky advises, defends and represents as an Specialist lawyer for criminal law and Senior Associate of the law firm individuals and companies in criminal law and administrative offences, in particular in the areas of criminal law relating to economic offences.<\/p>\n<p>His practice focuses primarily on proceedings relating to breach of trust and the area of labour criminal law, in particular withholding of social security contributions as well as allegations in connection with the employee leasing. Another main focus of his practice lies in extradition proceedings and cases with international implications.<\/p>\n<p>Languages: French, English, Russian, Ukrainian.[\/vc_column_text][wgl_spacing spacer_size=&#8221;50px&#8221;][\/vc_column][\/vc_row][vc_row][vc_column][wgl_double_headings align=&#8221;center&#8221; title_color=&#8221;#151515&#8243; subtitle_size=&#8221;28px&#8221; subtitle_color=&#8221;#a69475&#8243; google_fonts_subtitle=&#8221;font_family:Lato%3A100%2C100italic%2C300%2C300italic%2Cregular%2Citalic%2C700%2C700italic%2C900%2C900italic|font_style:400%20regular%3A400%3Anormal&#8221; subtitle=&#8221;Vita&#8221; custom_fonts_subtitle=&#8221;true&#8221;][wgl_spacing spacer_size=&#8221;24&#8243;][vc_column_text]\n<ul>\n<li>Studies in Cologne, Paris und Amiens<\/li>\n<li>Ma\u00eetrise en droit\u00a0(University Paris I &#8211; Panth\u00e9on-Sorbonne) and German-French Law LL.M. (University of Cologne\/University Paris I &#8211; Panth\u00e9on-Sorbonne) with a specialization in economic law<\/li>\n<li>Legal clerkship at the Higher Regional Court of Cologne; with parts of the legal clerkship taking place at the Public Prosecutor&#8217;s General office of the Higher Regional Court of Cologne<\/li>\n<li>Long-term experience as a research associate at the Institute for Criminal Law and Criminal Procedure Law, Chair of Criminal Law and Criminal Procedure Law held by Prof. Dr. Cornelius Nestler, Universit\u00e4t of Cologne; remains attached to the chair<\/li>\n<li>Master\u2019s in History (mention: tr\u00e8s bien), University of Paris IV (Sorbonne) and Doctoral Thesis in the Holocaust in Eastern Europe (mention: tr\u00e8s honorable), University Picardie \u2013 Jules Verne<\/li>\n<li>Specialist Lawyer for Criminal Law<\/li>\n<li>Lecturer at Georgetown University<\/li>\n<li>Scholar at the Walsh School of Foreign Service, Georgetown\u00a0University<\/li>\n<li>Lectures and publications on German, French and Russian Criminal Law and Law of Criminal Procedure<\/li>\n<\/ul>\n[\/vc_column_text][wgl_spacing spacer_size=&#8221;80px&#8221;][\/vc_column][\/vc_row]\n<\/div>","protected":false},"excerpt":{"rendered":"<p>[vc_row gap=&#8221;35&#8243; content_placement=&#8221;middle&#8221;][vc_column width=&#8221;1\/3&#8243;][vc_single_image image=&#8221;2037&#8243; img_size=&#8221;medium&#8221; alignment=&#8221;center&#8221;][wgl_spacing spacer_size=&#8221;50px&#8221;][\/vc_column][vc_column width=&#8221;2\/3&#8243;][wgl_double_headings align=&#8221;center&#8221; title_size=&#8221;48px&#8221; title_color=&#8221;#151515&#8243; subtitle_size=&#8221;20px&#8221; subtitle_color=&#8221;#a69475&#8243; google_fonts_subtitle=&#8221;font_family:Lato%3A100%2C100italic%2C300%2C300italic%2Cregular%2Citalic%2C700%2C700italic%2C900%2C900italic|font_style:400%20regular%3A400%3Anormal&#8221; title=&#8221;Dr. Andrej Umansky LL.M.&#8221; subtitle=&#8221;Attorney&#8221; custom_title_color=&#8221;true&#8221; responsive_font=&#8221;true&#8221; custom_subtitle_color=&#8221;true&#8221; custom_fonts_subtitle=&#8221;true&#8221;][wgl_spacing spacer_size=&#8221;40px&#8221;][wgl_button button_text=&#8221;E-Mail&#8221; size=&#8221;s&#8221; align=&#8221;center&#8221; add_border=&#8221;&#8221; google_fonts_button=&#8221;font_family:Lato%3A100%2C100italic%2C300%2C300italic%2Cregular%2Citalic%2C700%2C700italic%2C900%2C900italic|font_style:400%20regular%3A400%3Anormal&#8221; icon_type=&#8221;font&#8221; icon_font_type=&#8221;type_fontawesome&#8221; icon_fontawesome=&#8221;fa fa-envelope-o&#8221; link=&#8221;url:mailto%3Aumansky%40gazeas.de||target:%20_blank|rel:nofollow&#8221; custom_fonts_button=&#8221;true&#8221;][wgl_spacing spacer_size=&#8221;30px&#8221;][\/vc_column][\/vc_row][vc_row][vc_column][vc_column_text]Dr. Andrej Umansky advises, defends and represents as an Specialist lawyer for criminal law and Senior Associate of the [&hellip;]<\/p>\n","protected":false},"author":2,"featured_media":0,"parent":0,"menu_order":0,"comment_status":"closed","ping_status":"closed","template":"","meta":{"footnotes":""},"class_list":["post-2061","page","type-page","status-publish","hentry"],"yoast_head":"<!-- This site is optimized with the Yoast SEO plugin v27.4 - https:\/\/yoast.com\/product\/yoast-seo-wordpress\/ -->\n<title>Dr. Andrej Umansky - Attorney<\/title>\n<meta name=\"description\" content=\"Dr. Andrej Umansky - Ihr Rechtsanwalt f\u00fcr Wirtschafts- &amp; Steuerstrafrecht aus K\u00f6ln. GAZEAS NEPOMUCK Rechtsanwaltskanzlei f\u00fcr Unternehmen &amp; Einzelpersonen.\" \/>\n<meta name=\"robots\" content=\"index, follow, max-snippet:-1, max-image-preview:large, max-video-preview:-1\" \/>\n<link rel=\"canonical\" href=\"https:\/\/gazeas.de\/en\/umansky\/\" \/>\n<meta property=\"og:locale\" content=\"en_US\" \/>\n<meta property=\"og:type\" content=\"article\" \/>\n<meta property=\"og:title\" content=\"Dr. Andrej Umansky - Attorney\" \/>\n<meta property=\"og:description\" content=\"Dr. Andrej Umansky - Ihr Rechtsanwalt f\u00fcr Wirtschafts- &amp; Steuerstrafrecht aus K\u00f6ln. GAZEAS NEPOMUCK Rechtsanwaltskanzlei f\u00fcr Unternehmen &amp; Einzelpersonen.\" \/>\n<meta property=\"og:url\" content=\"https:\/\/gazeas.de\/en\/umansky\/\" \/>\n<meta property=\"og:site_name\" content=\"Gazeas Nepomuck\" \/>\n<meta property=\"article:modified_time\" content=\"2025-09-01T08:47:02+00:00\" \/>\n<meta name=\"twitter:card\" content=\"summary_large_image\" \/>\n<script type=\"application\/ld+json\" class=\"yoast-schema-graph\">{\"@context\":\"https:\\\/\\\/schema.org\",\"@graph\":[{\"@type\":\"WebPage\",\"@id\":\"https:\\\/\\\/gazeas.de\\\/en\\\/umansky\\\/\",\"url\":\"https:\\\/\\\/gazeas.de\\\/en\\\/umansky\\\/\",\"name\":\"Dr. Andrej Umansky - Attorney\",\"isPartOf\":{\"@id\":\"https:\\\/\\\/gazeas.de\\\/#website\"},\"datePublished\":\"2019-12-23T09:49:45+00:00\",\"dateModified\":\"2025-09-01T08:47:02+00:00\",\"description\":\"Dr. Andrej Umansky - Ihr Rechtsanwalt f\u00fcr Wirtschafts- & Steuerstrafrecht aus K\u00f6ln. GAZEAS NEPOMUCK Rechtsanwaltskanzlei f\u00fcr Unternehmen & Einzelpersonen.\",\"breadcrumb\":{\"@id\":\"https:\\\/\\\/gazeas.de\\\/en\\\/umansky\\\/#breadcrumb\"},\"inLanguage\":\"en-US\",\"potentialAction\":[{\"@type\":\"ReadAction\",\"target\":[\"https:\\\/\\\/gazeas.de\\\/en\\\/umansky\\\/\"]}]},{\"@type\":\"BreadcrumbList\",\"@id\":\"https:\\\/\\\/gazeas.de\\\/en\\\/umansky\\\/#breadcrumb\",\"itemListElement\":[{\"@type\":\"ListItem\",\"position\":1,\"name\":\"Startseite\",\"item\":\"https:\\\/\\\/gazeas.de\\\/en\\\/\"},{\"@type\":\"ListItem\",\"position\":2,\"name\":\"Dr. Andrej Umansky LL.M.\"}]},{\"@type\":\"WebSite\",\"@id\":\"https:\\\/\\\/gazeas.de\\\/#website\",\"url\":\"https:\\\/\\\/gazeas.de\\\/\",\"name\":\"Gazeas Nepomuck\",\"description\":\"Team\",\"publisher\":{\"@id\":\"https:\\\/\\\/gazeas.de\\\/#organization\"},\"potentialAction\":[{\"@type\":\"SearchAction\",\"target\":{\"@type\":\"EntryPoint\",\"urlTemplate\":\"https:\\\/\\\/gazeas.de\\\/?s={search_term_string}\"},\"query-input\":{\"@type\":\"PropertyValueSpecification\",\"valueRequired\":true,\"valueName\":\"search_term_string\"}}],\"inLanguage\":\"en-US\"},{\"@type\":\"Organization\",\"@id\":\"https:\\\/\\\/gazeas.de\\\/#organization\",\"name\":\"GAZEAS NEPOMUCK Rechtsanw\u00e4lte\",\"url\":\"https:\\\/\\\/gazeas.de\\\/\",\"logo\":{\"@type\":\"ImageObject\",\"inLanguage\":\"en-US\",\"@id\":\"https:\\\/\\\/gazeas.de\\\/#\\\/schema\\\/logo\\\/image\\\/\",\"url\":\"https:\\\/\\\/gazeas.de\\\/wp-content\\\/uploads\\\/gazeas-nepomuck-rechtsanwaelte-logo.png\",\"contentUrl\":\"https:\\\/\\\/gazeas.de\\\/wp-content\\\/uploads\\\/gazeas-nepomuck-rechtsanwaelte-logo.png\",\"width\":981,\"height\":95,\"caption\":\"GAZEAS NEPOMUCK Rechtsanw\u00e4lte\"},\"image\":{\"@id\":\"https:\\\/\\\/gazeas.de\\\/#\\\/schema\\\/logo\\\/image\\\/\"}}]}<\/script>\n<!-- \/ Yoast SEO plugin. -->","yoast_head_json":{"title":"Dr. Andrej Umansky - Attorney","description":"Dr. Andrej Umansky - Ihr Rechtsanwalt f\u00fcr Wirtschafts- & Steuerstrafrecht aus K\u00f6ln. GAZEAS NEPOMUCK Rechtsanwaltskanzlei f\u00fcr Unternehmen & Einzelpersonen.","robots":{"index":"index","follow":"follow","max-snippet":"max-snippet:-1","max-image-preview":"max-image-preview:large","max-video-preview":"max-video-preview:-1"},"canonical":"https:\/\/gazeas.de\/en\/umansky\/","og_locale":"en_US","og_type":"article","og_title":"Dr. Andrej Umansky - Attorney","og_description":"Dr. Andrej Umansky - Ihr Rechtsanwalt f\u00fcr Wirtschafts- & Steuerstrafrecht aus K\u00f6ln. GAZEAS NEPOMUCK Rechtsanwaltskanzlei f\u00fcr Unternehmen & Einzelpersonen.","og_url":"https:\/\/gazeas.de\/en\/umansky\/","og_site_name":"Gazeas Nepomuck","article_modified_time":"2025-09-01T08:47:02+00:00","twitter_card":"summary_large_image","schema":{"@context":"https:\/\/schema.org","@graph":[{"@type":"WebPage","@id":"https:\/\/gazeas.de\/en\/umansky\/","url":"https:\/\/gazeas.de\/en\/umansky\/","name":"Dr. Andrej Umansky - Attorney","isPartOf":{"@id":"https:\/\/gazeas.de\/#website"},"datePublished":"2019-12-23T09:49:45+00:00","dateModified":"2025-09-01T08:47:02+00:00","description":"Dr. Andrej Umansky - Ihr Rechtsanwalt f\u00fcr Wirtschafts- & Steuerstrafrecht aus K\u00f6ln. GAZEAS NEPOMUCK Rechtsanwaltskanzlei f\u00fcr Unternehmen & Einzelpersonen.","breadcrumb":{"@id":"https:\/\/gazeas.de\/en\/umansky\/#breadcrumb"},"inLanguage":"en-US","potentialAction":[{"@type":"ReadAction","target":["https:\/\/gazeas.de\/en\/umansky\/"]}]},{"@type":"BreadcrumbList","@id":"https:\/\/gazeas.de\/en\/umansky\/#breadcrumb","itemListElement":[{"@type":"ListItem","position":1,"name":"Startseite","item":"https:\/\/gazeas.de\/en\/"},{"@type":"ListItem","position":2,"name":"Dr. Andrej Umansky LL.M."}]},{"@type":"WebSite","@id":"https:\/\/gazeas.de\/#website","url":"https:\/\/gazeas.de\/","name":"Gazeas Nepomuck","description":"Team","publisher":{"@id":"https:\/\/gazeas.de\/#organization"},"potentialAction":[{"@type":"SearchAction","target":{"@type":"EntryPoint","urlTemplate":"https:\/\/gazeas.de\/?s={search_term_string}"},"query-input":{"@type":"PropertyValueSpecification","valueRequired":true,"valueName":"search_term_string"}}],"inLanguage":"en-US"},{"@type":"Organization","@id":"https:\/\/gazeas.de\/#organization","name":"GAZEAS NEPOMUCK Rechtsanw\u00e4lte","url":"https:\/\/gazeas.de\/","logo":{"@type":"ImageObject","inLanguage":"en-US","@id":"https:\/\/gazeas.de\/#\/schema\/logo\/image\/","url":"https:\/\/gazeas.de\/wp-content\/uploads\/gazeas-nepomuck-rechtsanwaelte-logo.png","contentUrl":"https:\/\/gazeas.de\/wp-content\/uploads\/gazeas-nepomuck-rechtsanwaelte-logo.png","width":981,"height":95,"caption":"GAZEAS NEPOMUCK Rechtsanw\u00e4lte"},"image":{"@id":"https:\/\/gazeas.de\/#\/schema\/logo\/image\/"}}]}},"_links":{"self":[{"href":"https:\/\/gazeas.de\/en\/wp-json\/wp\/v2\/pages\/2061","targetHints":{"allow":["GET"]}}],"collection":[{"href":"https:\/\/gazeas.de\/en\/wp-json\/wp\/v2\/pages"}],"about":[{"href":"https:\/\/gazeas.de\/en\/wp-json\/wp\/v2\/types\/page"}],"author":[{"embeddable":true,"href":"https:\/\/gazeas.de\/en\/wp-json\/wp\/v2\/users\/2"}],"replies":[{"embeddable":true,"href":"https:\/\/gazeas.de\/en\/wp-json\/wp\/v2\/comments?post=2061"}],"version-history":[{"count":1,"href":"https:\/\/gazeas.de\/en\/wp-json\/wp\/v2\/pages\/2061\/revisions"}],"predecessor-version":[{"id":3386,"href":"https:\/\/gazeas.de\/en\/wp-json\/wp\/v2\/pages\/2061\/revisions\/3386"}],"wp:attachment":[{"href":"https:\/\/gazeas.de\/en\/wp-json\/wp\/v2\/media?parent=2061"}],"curies":[{"name":"wp","href":"https:\/\/api.w.org\/{rel}","templated":true}]}}