{"id":3275,"date":"2025-01-06T12:29:57","date_gmt":"2025-01-06T11:29:57","guid":{"rendered":"https:\/\/gazeas.de\/?page_id=3275"},"modified":"2025-09-01T10:45:38","modified_gmt":"2025-09-01T08:45:38","slug":"thurm","status":"publish","type":"page","link":"https:\/\/gazeas.de\/en\/thurm\/","title":{"rendered":"Malte Thurm"},"content":{"rendered":"<div class=\"wpb-content-wrapper\">[vc_row gap=&#8221;35&#8243; content_placement=&#8221;middle&#8221;][vc_column width=&#8221;1\/3&#8243;][vc_single_image image=&#8221;3256&#8243; img_size=&#8221;medium&#8221; alignment=&#8221;center&#8221; css=&#8221;&#8221;][wgl_spacing spacer_size=&#8221;50px&#8221;][\/vc_column][vc_column width=&#8221;2\/3&#8243;][wgl_double_headings align=&#8221;center&#8221; title_size=&#8221;48px&#8221; title_color=&#8221;#151515&#8243; subtitle_size=&#8221;20px&#8221; subtitle_color=&#8221;#a69475&#8243; google_fonts_subtitle=&#8221;font_family:Lato%3A100%2C100italic%2C300%2C300italic%2Cregular%2Citalic%2C700%2C700italic%2C900%2C900italic|font_style:400%20regular%3A400%3Anormal&#8221; title=&#8221;Malte Thurm&#8221; subtitle=&#8221;Attorney&#8221; custom_title_color=&#8221;true&#8221; responsive_font=&#8221;true&#8221; custom_subtitle_color=&#8221;true&#8221; custom_fonts_subtitle=&#8221;true&#8221;][wgl_spacing spacer_size=&#8221;40px&#8221;][wgl_button button_text=&#8221;E-Mail&#8221; size=&#8221;s&#8221; align=&#8221;center&#8221; add_border=&#8221;&#8221; google_fonts_button=&#8221;font_family:Lato%3A100%2C100italic%2C300%2C300italic%2Cregular%2Citalic%2C700%2C700italic%2C900%2C900italic|font_style:400%20regular%3A400%3Anormal&#8221; icon_type=&#8221;font&#8221; icon_font_type=&#8221;type_fontawesome&#8221; icon_fontawesome=&#8221;fa fa-envelope-o&#8221; link=&#8221;url:mailto%3Athurm%40gazeas.de|target:_blank|rel:nofollow&#8221; custom_fonts_button=&#8221;true&#8221;][wgl_spacing spacer_size=&#8221;30px&#8221;][\/vc_column][\/vc_row][vc_row][vc_column][vc_column_text css=&#8221;&#8221;]Malte Thurm is an associate at GAZEAS NEPOMUCK. He advises and defends individuals and companies in all areas of commercial criminal law, regulatory offences law and medical criminal law.<\/p>\n<p><span>Mr. Thurm\u2019s <\/span>main areas of focus include proceedings involving allegations of embezzlement and fraud, proceedings in the field of medical criminal law, and the criminal investigation of occupational accidents. He has particular expertise in the field of asset forfeiture, and provides preventive advice to companies and institutions.<\/p>\n<p>Languages: English[\/vc_column_text][wgl_spacing spacer_size=&#8221;50px&#8221;][\/vc_column][\/vc_row][vc_row][vc_column][wgl_double_headings align=&#8221;center&#8221; title_color=&#8221;#151515&#8243; subtitle_size=&#8221;28px&#8221; subtitle_color=&#8221;#a69475&#8243; google_fonts_subtitle=&#8221;font_family:Lato%3A100%2C100italic%2C300%2C300italic%2Cregular%2Citalic%2C700%2C700italic%2C900%2C900italic|font_style:400%20regular%3A400%3Anormal&#8221; subtitle=&#8221;Vita&#8221; custom_fonts_subtitle=&#8221;true&#8221;][wgl_spacing spacer_size=&#8221;24&#8243;][vc_column_text css=&#8221;&#8221;]\n<ul>\n<li>Legal studies in Bonn<\/li>\n<li>Research assistant at the Chair of German and International Criminal Law and Criminal Procedure, Comparative Criminal Law and Criminal Law History at the Friedrich-Wilhelms-University Bonn under Prof. Dr. Carl-Friedrich Stuckenberg LL.M. (Harvard)<\/li>\n<li>Long-term experience as a research assistant at the law firm GAZEAS NEPOMUCK<\/li>\n<li>Legal clerkship at the Higher Regional Court of Cologne, with parts of the legal clerkship taking place at the Federal Ministry of Justice (Department for the fight against economic, computer, corruption and environmental crime) and at the law firm GAZEAS NEPOMUCK<\/li>\n<li>Current doctoral thesis in the field of asset recovery law at the Friedrich-Wilhelms-University Bonn under Prof. Dr. Carl-Friedrich Stuckenberg LL.M. (Harvard)<\/li>\n<\/ul>\n[\/vc_column_text][wgl_spacing spacer_size=&#8221;80px&#8221;][\/vc_column][\/vc_row][vc_row][vc_column][vc_tta_accordion c_align=&#8221;center&#8221; c_icon=&#8221;chevron&#8221; c_position=&#8221;right&#8221; active_section=&#8221;3434323&#8243; collapsible_all=&#8221;true&#8221;][vc_tta_section title=&#8221;Publications&#8221; tab_id=&#8221;14136-72d5cd51-a64e&#8221;][vc_column_text css=&#8221;&#8221;]\n<h4>I.\u00a0 \u00a0Essays<\/h4>\n<ul>\n<li style=\"padding-left: 40px;\">Der Kausalzusammenhang zwischen Tat und erlangtem Etwas i.S.d. \u00a7 73 Abs. 1 Var. 1 StGB in der aktuellen Rechtsprechung des BGH, wistra 2021, 337-343 (gemeinsam mit <em>Thomas Grosse-Wilde<\/em>)<\/li>\n<\/ul>\n[\/vc_column_text][\/vc_tta_section][\/vc_tta_accordion][wgl_spacing spacer_size=&#8221;80px&#8221;][\/vc_column][\/vc_row]\n<\/div>","protected":false},"excerpt":{"rendered":"<p>[vc_row gap=&#8221;35&#8243; content_placement=&#8221;middle&#8221;][vc_column width=&#8221;1\/3&#8243;][vc_single_image image=&#8221;3256&#8243; img_size=&#8221;medium&#8221; alignment=&#8221;center&#8221; css=&#8221;&#8221;][wgl_spacing spacer_size=&#8221;50px&#8221;][\/vc_column][vc_column width=&#8221;2\/3&#8243;][wgl_double_headings align=&#8221;center&#8221; title_size=&#8221;48px&#8221; title_color=&#8221;#151515&#8243; subtitle_size=&#8221;20px&#8221; subtitle_color=&#8221;#a69475&#8243; google_fonts_subtitle=&#8221;font_family:Lato%3A100%2C100italic%2C300%2C300italic%2Cregular%2Citalic%2C700%2C700italic%2C900%2C900italic|font_style:400%20regular%3A400%3Anormal&#8221; title=&#8221;Malte Thurm&#8221; subtitle=&#8221;Attorney&#8221; custom_title_color=&#8221;true&#8221; responsive_font=&#8221;true&#8221; custom_subtitle_color=&#8221;true&#8221; custom_fonts_subtitle=&#8221;true&#8221;][wgl_spacing spacer_size=&#8221;40px&#8221;][wgl_button button_text=&#8221;E-Mail&#8221; size=&#8221;s&#8221; align=&#8221;center&#8221; add_border=&#8221;&#8221; google_fonts_button=&#8221;font_family:Lato%3A100%2C100italic%2C300%2C300italic%2Cregular%2Citalic%2C700%2C700italic%2C900%2C900italic|font_style:400%20regular%3A400%3Anormal&#8221; icon_type=&#8221;font&#8221; icon_font_type=&#8221;type_fontawesome&#8221; icon_fontawesome=&#8221;fa fa-envelope-o&#8221; link=&#8221;url:mailto%3Athurm%40gazeas.de|target:_blank|rel:nofollow&#8221; custom_fonts_button=&#8221;true&#8221;][wgl_spacing spacer_size=&#8221;30px&#8221;][\/vc_column][\/vc_row][vc_row][vc_column][vc_column_text css=&#8221;&#8221;]Malte Thurm is an associate at GAZEAS NEPOMUCK. He advises and defends individuals and companies in all areas of [&hellip;]<\/p>\n","protected":false},"author":2,"featured_media":0,"parent":0,"menu_order":0,"comment_status":"closed","ping_status":"closed","template":"","meta":{"footnotes":""},"class_list":["post-3275","page","type-page","status-publish","hentry"],"yoast_head":"<!-- This site is optimized with the Yoast SEO plugin v27.4 - https:\/\/yoast.com\/product\/yoast-seo-wordpress\/ -->\n<title>Malte Thurm - Rechtsanwalt f\u00fcr Wirtschafts- und Steuerstrafrecht<\/title>\n<meta name=\"description\" content=\"Malte Thurm - Ihr Rechtsanwalt f\u00fcr Wirtschafts- &amp; Steuerstrafrecht aus K\u00f6ln. GAZEAS NEPOMUCK Rechtsanwaltskanzlei f\u00fcr Unternehmen &amp; Einzelpersonen.\" \/>\n<meta name=\"robots\" content=\"index, follow, max-snippet:-1, max-image-preview:large, max-video-preview:-1\" \/>\n<link rel=\"canonical\" href=\"https:\/\/gazeas.de\/en\/thurm\/\" \/>\n<meta property=\"og:locale\" content=\"en_US\" \/>\n<meta property=\"og:type\" content=\"article\" \/>\n<meta property=\"og:title\" content=\"Malte Thurm - Rechtsanwalt f\u00fcr Wirtschafts- und Steuerstrafrecht\" \/>\n<meta property=\"og:description\" content=\"Malte Thurm - Ihr Rechtsanwalt f\u00fcr Wirtschafts- &amp; Steuerstrafrecht aus K\u00f6ln. GAZEAS NEPOMUCK Rechtsanwaltskanzlei f\u00fcr Unternehmen &amp; Einzelpersonen.\" \/>\n<meta property=\"og:url\" content=\"https:\/\/gazeas.de\/en\/thurm\/\" \/>\n<meta property=\"og:site_name\" content=\"Gazeas Nepomuck\" \/>\n<meta property=\"article:modified_time\" content=\"2025-09-01T08:45:38+00:00\" \/>\n<meta name=\"twitter:card\" content=\"summary_large_image\" \/>\n<script type=\"application\/ld+json\" class=\"yoast-schema-graph\">{\"@context\":\"https:\\\/\\\/schema.org\",\"@graph\":[{\"@type\":\"WebPage\",\"@id\":\"https:\\\/\\\/gazeas.de\\\/en\\\/thurm\\\/\",\"url\":\"https:\\\/\\\/gazeas.de\\\/en\\\/thurm\\\/\",\"name\":\"Malte Thurm - Rechtsanwalt f\u00fcr Wirtschafts- und Steuerstrafrecht\",\"isPartOf\":{\"@id\":\"https:\\\/\\\/gazeas.de\\\/#website\"},\"datePublished\":\"2025-01-06T11:29:57+00:00\",\"dateModified\":\"2025-09-01T08:45:38+00:00\",\"description\":\"Malte Thurm - Ihr Rechtsanwalt f\u00fcr Wirtschafts- & Steuerstrafrecht aus K\u00f6ln. GAZEAS NEPOMUCK Rechtsanwaltskanzlei f\u00fcr Unternehmen & Einzelpersonen.\",\"breadcrumb\":{\"@id\":\"https:\\\/\\\/gazeas.de\\\/en\\\/thurm\\\/#breadcrumb\"},\"inLanguage\":\"en-US\",\"potentialAction\":[{\"@type\":\"ReadAction\",\"target\":[\"https:\\\/\\\/gazeas.de\\\/en\\\/thurm\\\/\"]}]},{\"@type\":\"BreadcrumbList\",\"@id\":\"https:\\\/\\\/gazeas.de\\\/en\\\/thurm\\\/#breadcrumb\",\"itemListElement\":[{\"@type\":\"ListItem\",\"position\":1,\"name\":\"Startseite\",\"item\":\"https:\\\/\\\/gazeas.de\\\/en\\\/\"},{\"@type\":\"ListItem\",\"position\":2,\"name\":\"Malte Thurm\"}]},{\"@type\":\"WebSite\",\"@id\":\"https:\\\/\\\/gazeas.de\\\/#website\",\"url\":\"https:\\\/\\\/gazeas.de\\\/\",\"name\":\"Gazeas Nepomuck\",\"description\":\"Team\",\"publisher\":{\"@id\":\"https:\\\/\\\/gazeas.de\\\/#organization\"},\"potentialAction\":[{\"@type\":\"SearchAction\",\"target\":{\"@type\":\"EntryPoint\",\"urlTemplate\":\"https:\\\/\\\/gazeas.de\\\/?s={search_term_string}\"},\"query-input\":{\"@type\":\"PropertyValueSpecification\",\"valueRequired\":true,\"valueName\":\"search_term_string\"}}],\"inLanguage\":\"en-US\"},{\"@type\":\"Organization\",\"@id\":\"https:\\\/\\\/gazeas.de\\\/#organization\",\"name\":\"GAZEAS NEPOMUCK Rechtsanw\u00e4lte\",\"url\":\"https:\\\/\\\/gazeas.de\\\/\",\"logo\":{\"@type\":\"ImageObject\",\"inLanguage\":\"en-US\",\"@id\":\"https:\\\/\\\/gazeas.de\\\/#\\\/schema\\\/logo\\\/image\\\/\",\"url\":\"https:\\\/\\\/gazeas.de\\\/wp-content\\\/uploads\\\/gazeas-nepomuck-rechtsanwaelte-logo.png\",\"contentUrl\":\"https:\\\/\\\/gazeas.de\\\/wp-content\\\/uploads\\\/gazeas-nepomuck-rechtsanwaelte-logo.png\",\"width\":981,\"height\":95,\"caption\":\"GAZEAS NEPOMUCK Rechtsanw\u00e4lte\"},\"image\":{\"@id\":\"https:\\\/\\\/gazeas.de\\\/#\\\/schema\\\/logo\\\/image\\\/\"}}]}<\/script>\n<!-- \/ Yoast SEO plugin. -->","yoast_head_json":{"title":"Malte Thurm - Rechtsanwalt f\u00fcr Wirtschafts- und Steuerstrafrecht","description":"Malte Thurm - Ihr Rechtsanwalt f\u00fcr Wirtschafts- & Steuerstrafrecht aus K\u00f6ln. GAZEAS NEPOMUCK Rechtsanwaltskanzlei f\u00fcr Unternehmen & Einzelpersonen.","robots":{"index":"index","follow":"follow","max-snippet":"max-snippet:-1","max-image-preview":"max-image-preview:large","max-video-preview":"max-video-preview:-1"},"canonical":"https:\/\/gazeas.de\/en\/thurm\/","og_locale":"en_US","og_type":"article","og_title":"Malte Thurm - Rechtsanwalt f\u00fcr Wirtschafts- und Steuerstrafrecht","og_description":"Malte Thurm - Ihr Rechtsanwalt f\u00fcr Wirtschafts- & Steuerstrafrecht aus K\u00f6ln. GAZEAS NEPOMUCK Rechtsanwaltskanzlei f\u00fcr Unternehmen & Einzelpersonen.","og_url":"https:\/\/gazeas.de\/en\/thurm\/","og_site_name":"Gazeas Nepomuck","article_modified_time":"2025-09-01T08:45:38+00:00","twitter_card":"summary_large_image","schema":{"@context":"https:\/\/schema.org","@graph":[{"@type":"WebPage","@id":"https:\/\/gazeas.de\/en\/thurm\/","url":"https:\/\/gazeas.de\/en\/thurm\/","name":"Malte Thurm - Rechtsanwalt f\u00fcr Wirtschafts- und Steuerstrafrecht","isPartOf":{"@id":"https:\/\/gazeas.de\/#website"},"datePublished":"2025-01-06T11:29:57+00:00","dateModified":"2025-09-01T08:45:38+00:00","description":"Malte Thurm - Ihr Rechtsanwalt f\u00fcr Wirtschafts- & Steuerstrafrecht aus K\u00f6ln. GAZEAS NEPOMUCK Rechtsanwaltskanzlei f\u00fcr Unternehmen & Einzelpersonen.","breadcrumb":{"@id":"https:\/\/gazeas.de\/en\/thurm\/#breadcrumb"},"inLanguage":"en-US","potentialAction":[{"@type":"ReadAction","target":["https:\/\/gazeas.de\/en\/thurm\/"]}]},{"@type":"BreadcrumbList","@id":"https:\/\/gazeas.de\/en\/thurm\/#breadcrumb","itemListElement":[{"@type":"ListItem","position":1,"name":"Startseite","item":"https:\/\/gazeas.de\/en\/"},{"@type":"ListItem","position":2,"name":"Malte Thurm"}]},{"@type":"WebSite","@id":"https:\/\/gazeas.de\/#website","url":"https:\/\/gazeas.de\/","name":"Gazeas Nepomuck","description":"Team","publisher":{"@id":"https:\/\/gazeas.de\/#organization"},"potentialAction":[{"@type":"SearchAction","target":{"@type":"EntryPoint","urlTemplate":"https:\/\/gazeas.de\/?s={search_term_string}"},"query-input":{"@type":"PropertyValueSpecification","valueRequired":true,"valueName":"search_term_string"}}],"inLanguage":"en-US"},{"@type":"Organization","@id":"https:\/\/gazeas.de\/#organization","name":"GAZEAS NEPOMUCK Rechtsanw\u00e4lte","url":"https:\/\/gazeas.de\/","logo":{"@type":"ImageObject","inLanguage":"en-US","@id":"https:\/\/gazeas.de\/#\/schema\/logo\/image\/","url":"https:\/\/gazeas.de\/wp-content\/uploads\/gazeas-nepomuck-rechtsanwaelte-logo.png","contentUrl":"https:\/\/gazeas.de\/wp-content\/uploads\/gazeas-nepomuck-rechtsanwaelte-logo.png","width":981,"height":95,"caption":"GAZEAS NEPOMUCK Rechtsanw\u00e4lte"},"image":{"@id":"https:\/\/gazeas.de\/#\/schema\/logo\/image\/"}}]}},"_links":{"self":[{"href":"https:\/\/gazeas.de\/en\/wp-json\/wp\/v2\/pages\/3275","targetHints":{"allow":["GET"]}}],"collection":[{"href":"https:\/\/gazeas.de\/en\/wp-json\/wp\/v2\/pages"}],"about":[{"href":"https:\/\/gazeas.de\/en\/wp-json\/wp\/v2\/types\/page"}],"author":[{"embeddable":true,"href":"https:\/\/gazeas.de\/en\/wp-json\/wp\/v2\/users\/2"}],"replies":[{"embeddable":true,"href":"https:\/\/gazeas.de\/en\/wp-json\/wp\/v2\/comments?post=3275"}],"version-history":[{"count":4,"href":"https:\/\/gazeas.de\/en\/wp-json\/wp\/v2\/pages\/3275\/revisions"}],"predecessor-version":[{"id":3378,"href":"https:\/\/gazeas.de\/en\/wp-json\/wp\/v2\/pages\/3275\/revisions\/3378"}],"wp:attachment":[{"href":"https:\/\/gazeas.de\/en\/wp-json\/wp\/v2\/media?parent=3275"}],"curies":[{"name":"wp","href":"https:\/\/api.w.org\/{rel}","templated":true}]}}