{"id":3370,"date":"2025-08-21T16:40:27","date_gmt":"2025-08-21T14:40:27","guid":{"rendered":"https:\/\/gazeas.de\/?page_id=3370"},"modified":"2025-09-01T10:48:10","modified_gmt":"2025-09-01T08:48:10","slug":"el-zein","status":"publish","type":"page","link":"https:\/\/gazeas.de\/en\/el-zein\/","title":{"rendered":"Dr. Jamal El-Zein"},"content":{"rendered":"<div class=\"wpb-content-wrapper\">[vc_row gap=&#8221;35&#8243; content_placement=&#8221;middle&#8221;][vc_column width=&#8221;1\/3&#8243;][vc_single_image image=&#8221;3366&#8243; img_size=&#8221;medium&#8221; alignment=&#8221;center&#8221; css=&#8221;&#8221;][wgl_spacing spacer_size=&#8221;50px&#8221;][\/vc_column][vc_column width=&#8221;2\/3&#8243;][wgl_double_headings align=&#8221;center&#8221; title_size=&#8221;48px&#8221; title_color=&#8221;#151515&#8243; subtitle_size=&#8221;20px&#8221; subtitle_color=&#8221;#a69475&#8243; google_fonts_subtitle=&#8221;font_family:Lato%3A100%2C100italic%2C300%2C300italic%2Cregular%2Citalic%2C700%2C700italic%2C900%2C900italic|font_style:400%20regular%3A400%3Anormal&#8221; title=&#8221;Dr. Jamal El-Zein&#8221; subtitle=&#8221;Attorney&#8221; custom_title_color=&#8221;true&#8221; responsive_font=&#8221;true&#8221; custom_subtitle_color=&#8221;true&#8221; custom_fonts_subtitle=&#8221;true&#8221;][wgl_spacing spacer_size=&#8221;40px&#8221;][wgl_button button_text=&#8221;E-Mail&#8221; size=&#8221;s&#8221; align=&#8221;center&#8221; add_border=&#8221;&#8221; google_fonts_button=&#8221;font_family:Lato%3A100%2C100italic%2C300%2C300italic%2Cregular%2Citalic%2C700%2C700italic%2C900%2C900italic|font_style:400%20regular%3A400%3Anormal&#8221; icon_type=&#8221;font&#8221; icon_font_type=&#8221;type_fontawesome&#8221; icon_fontawesome=&#8221;fa fa-envelope-o&#8221; link=&#8221;url:mailto%3Ael-zein%40gazeas.de|target:_blank|rel:nofollow&#8221; custom_fonts_button=&#8221;true&#8221;][wgl_spacing spacer_size=&#8221;30px&#8221;][\/vc_column][\/vc_row][vc_row][vc_column][vc_column_text css=&#8221;&#8221;]Dr.\u00a0Jamal El-Zein is an associate at GAZEAS NEPOMUCK. He advises and defends individuals and companies in all areas of commercial criminal law and regulatory offences law. He also advises companies and institutions preventively.<\/p>\n<p>Dr.\u00a0Jamal El-Zein\u2019s practice focuses primarily on proceedings relating to breach of trust and fraud. Another focus of his work lies in Internal Investigations. Dr. Jamal El-Zein has particular expertise in the field of International Law with its criminal law implications, especially in extradition and mutual assistance law.<\/p>\n<p>Before joining GAZEAS NEPOMUCK, Dr. Jamal El-Zein worked as an associate for the practice group White Collar, Compliance and Investigations of the international law firm Hengeler Mueller.<\/p>\n<p>Languages: English, Arabic[\/vc_column_text][wgl_spacing spacer_size=&#8221;50px&#8221;][\/vc_column][\/vc_row][vc_row][vc_column][wgl_double_headings align=&#8221;center&#8221; title_color=&#8221;#151515&#8243; subtitle_size=&#8221;28px&#8221; subtitle_color=&#8221;#a69475&#8243; google_fonts_subtitle=&#8221;font_family:Lato%3A100%2C100italic%2C300%2C300italic%2Cregular%2Citalic%2C700%2C700italic%2C900%2C900italic|font_style:400%20regular%3A400%3Anormal&#8221; subtitle=&#8221;Vita&#8221; custom_fonts_subtitle=&#8221;true&#8221;][wgl_spacing spacer_size=&#8221;24&#8243;][vc_column_text css=&#8221;&#8221;]\n<ul>\n<li>Legal studies in Cologne<\/li>\n<li>Master of Arts (M.A.) in Human Rights and Democracy at the Universit\u00e9\u00a0Saint-Joseph in Beirut\/Lebanon<\/li>\n<li>Legal clerkship at the Higher Regional Court of Cologne; with parts of the legal clerkship taking place at the Federal Ministry of Justice (Department II \u2013 Criminal Law), the Federal Foreign Office (Department 506 \u2013 Criminal Law) and the law firm GAZEAS NEPOMUCK<\/li>\n<li>Research associate at the\u00a0Institute for International Peace and Security Law held by Prof. Dr. Dr. h.c. Dr. h.c. Claus Kre\u00df LL.M. (Cambridge) at the University of Cologne, previously working for the Institute for Criminal Law and Criminal Procedure Law<\/li>\n<li>Visiting Postgraduate at the University of Edinburgh (UK)<\/li>\n<li>Doctoral Thesis in the field of International Law under Prof. Dr. Dr. h.c. Dr. h.c. Claus Kre\u00df LL.M. (Cambridge)<\/li>\n<\/ul>\n[\/vc_column_text][wgl_spacing spacer_size=&#8221;80px&#8221;][\/vc_column][\/vc_row][vc_row][vc_column][vc_tta_accordion c_align=&#8221;center&#8221; c_icon=&#8221;chevron&#8221; c_position=&#8221;right&#8221; active_section=&#8221;3434323&#8243; collapsible_all=&#8221;true&#8221;][vc_tta_section title=&#8221;Publications&#8221; tab_id=&#8221;14136-72d5cd51-a64e&#8221;][vc_column_text css=&#8221;&#8221;]\n<h4>I.\u00a0 \u00a0Monographs<\/h4>\n<ul>\n<li style=\"padding-left: 40px;\">The End of the Law of Neutrality (doctoral thesis, Cologne 2023), 245 pages, published by Nomos Publishing House, Baden-Baden 2024<\/li>\n<\/ul>\n[\/vc_column_text][\/vc_tta_section][\/vc_tta_accordion][wgl_spacing spacer_size=&#8221;80px&#8221;][\/vc_column][\/vc_row]\n<\/div>","protected":false},"excerpt":{"rendered":"<p>[vc_row gap=&#8221;35&#8243; content_placement=&#8221;middle&#8221;][vc_column width=&#8221;1\/3&#8243;][vc_single_image image=&#8221;3366&#8243; img_size=&#8221;medium&#8221; alignment=&#8221;center&#8221; css=&#8221;&#8221;][wgl_spacing spacer_size=&#8221;50px&#8221;][\/vc_column][vc_column width=&#8221;2\/3&#8243;][wgl_double_headings align=&#8221;center&#8221; title_size=&#8221;48px&#8221; title_color=&#8221;#151515&#8243; subtitle_size=&#8221;20px&#8221; subtitle_color=&#8221;#a69475&#8243; google_fonts_subtitle=&#8221;font_family:Lato%3A100%2C100italic%2C300%2C300italic%2Cregular%2Citalic%2C700%2C700italic%2C900%2C900italic|font_style:400%20regular%3A400%3Anormal&#8221; title=&#8221;Dr. Jamal El-Zein&#8221; subtitle=&#8221;Attorney&#8221; custom_title_color=&#8221;true&#8221; responsive_font=&#8221;true&#8221; custom_subtitle_color=&#8221;true&#8221; custom_fonts_subtitle=&#8221;true&#8221;][wgl_spacing spacer_size=&#8221;40px&#8221;][wgl_button button_text=&#8221;E-Mail&#8221; size=&#8221;s&#8221; align=&#8221;center&#8221; add_border=&#8221;&#8221; google_fonts_button=&#8221;font_family:Lato%3A100%2C100italic%2C300%2C300italic%2Cregular%2Citalic%2C700%2C700italic%2C900%2C900italic|font_style:400%20regular%3A400%3Anormal&#8221; icon_type=&#8221;font&#8221; icon_font_type=&#8221;type_fontawesome&#8221; icon_fontawesome=&#8221;fa fa-envelope-o&#8221; link=&#8221;url:mailto%3Ael-zein%40gazeas.de|target:_blank|rel:nofollow&#8221; custom_fonts_button=&#8221;true&#8221;][wgl_spacing spacer_size=&#8221;30px&#8221;][\/vc_column][\/vc_row][vc_row][vc_column][vc_column_text css=&#8221;&#8221;]Dr.\u00a0Jamal El-Zein is an associate at GAZEAS NEPOMUCK. He advises and defends individuals and companies in all areas [&hellip;]<\/p>\n","protected":false},"author":2,"featured_media":0,"parent":0,"menu_order":0,"comment_status":"closed","ping_status":"closed","template":"","meta":{"footnotes":""},"class_list":["post-3370","page","type-page","status-publish","hentry"],"yoast_head":"<!-- This site is optimized with the Yoast SEO plugin v27.4 - https:\/\/yoast.com\/product\/yoast-seo-wordpress\/ -->\n<title>Dr. Nikolaos Gazeas - Rechtsanwalt f\u00fcr Wirtschafts- und Steuerstrafrecht<\/title>\n<meta name=\"description\" content=\"Dr. Nikolaos Gazeas - Ihr Rechtsanwalt f\u00fcr Wirtschafts- &amp; Steuerstrafrecht aus K\u00f6ln. GAZEAS NEPOMUCK Rechtsanwaltskanzlei f\u00fcr Unternehmen &amp; Einzelpersonen.\" \/>\n<meta name=\"robots\" content=\"index, follow, max-snippet:-1, max-image-preview:large, max-video-preview:-1\" \/>\n<link rel=\"canonical\" href=\"https:\/\/gazeas.de\/en\/el-zein\/\" \/>\n<meta property=\"og:locale\" content=\"en_US\" \/>\n<meta property=\"og:type\" content=\"article\" \/>\n<meta property=\"og:title\" content=\"Dr. Nikolaos Gazeas - Rechtsanwalt f\u00fcr Wirtschafts- und Steuerstrafrecht\" \/>\n<meta property=\"og:description\" content=\"Dr. Nikolaos Gazeas - Ihr Rechtsanwalt f\u00fcr Wirtschafts- &amp; Steuerstrafrecht aus K\u00f6ln. GAZEAS NEPOMUCK Rechtsanwaltskanzlei f\u00fcr Unternehmen &amp; Einzelpersonen.\" \/>\n<meta property=\"og:url\" content=\"https:\/\/gazeas.de\/en\/el-zein\/\" \/>\n<meta property=\"og:site_name\" content=\"Gazeas Nepomuck\" \/>\n<meta property=\"article:modified_time\" content=\"2025-09-01T08:48:10+00:00\" \/>\n<meta name=\"twitter:card\" content=\"summary_large_image\" \/>\n<script type=\"application\/ld+json\" class=\"yoast-schema-graph\">{\"@context\":\"https:\\\/\\\/schema.org\",\"@graph\":[{\"@type\":\"WebPage\",\"@id\":\"https:\\\/\\\/gazeas.de\\\/en\\\/el-zein\\\/\",\"url\":\"https:\\\/\\\/gazeas.de\\\/en\\\/el-zein\\\/\",\"name\":\"Dr. Nikolaos Gazeas - Rechtsanwalt f\u00fcr Wirtschafts- und Steuerstrafrecht\",\"isPartOf\":{\"@id\":\"https:\\\/\\\/gazeas.de\\\/#website\"},\"datePublished\":\"2025-08-21T14:40:27+00:00\",\"dateModified\":\"2025-09-01T08:48:10+00:00\",\"description\":\"Dr. Nikolaos Gazeas - Ihr Rechtsanwalt f\u00fcr Wirtschafts- & Steuerstrafrecht aus K\u00f6ln. GAZEAS NEPOMUCK Rechtsanwaltskanzlei f\u00fcr Unternehmen & Einzelpersonen.\",\"breadcrumb\":{\"@id\":\"https:\\\/\\\/gazeas.de\\\/en\\\/el-zein\\\/#breadcrumb\"},\"inLanguage\":\"en-US\",\"potentialAction\":[{\"@type\":\"ReadAction\",\"target\":[\"https:\\\/\\\/gazeas.de\\\/en\\\/el-zein\\\/\"]}]},{\"@type\":\"BreadcrumbList\",\"@id\":\"https:\\\/\\\/gazeas.de\\\/en\\\/el-zein\\\/#breadcrumb\",\"itemListElement\":[{\"@type\":\"ListItem\",\"position\":1,\"name\":\"Startseite\",\"item\":\"https:\\\/\\\/gazeas.de\\\/en\\\/\"},{\"@type\":\"ListItem\",\"position\":2,\"name\":\"Dr. Jamal El-Zein\"}]},{\"@type\":\"WebSite\",\"@id\":\"https:\\\/\\\/gazeas.de\\\/#website\",\"url\":\"https:\\\/\\\/gazeas.de\\\/\",\"name\":\"Gazeas Nepomuck\",\"description\":\"Team\",\"publisher\":{\"@id\":\"https:\\\/\\\/gazeas.de\\\/#organization\"},\"potentialAction\":[{\"@type\":\"SearchAction\",\"target\":{\"@type\":\"EntryPoint\",\"urlTemplate\":\"https:\\\/\\\/gazeas.de\\\/?s={search_term_string}\"},\"query-input\":{\"@type\":\"PropertyValueSpecification\",\"valueRequired\":true,\"valueName\":\"search_term_string\"}}],\"inLanguage\":\"en-US\"},{\"@type\":\"Organization\",\"@id\":\"https:\\\/\\\/gazeas.de\\\/#organization\",\"name\":\"GAZEAS NEPOMUCK Rechtsanw\u00e4lte\",\"url\":\"https:\\\/\\\/gazeas.de\\\/\",\"logo\":{\"@type\":\"ImageObject\",\"inLanguage\":\"en-US\",\"@id\":\"https:\\\/\\\/gazeas.de\\\/#\\\/schema\\\/logo\\\/image\\\/\",\"url\":\"https:\\\/\\\/gazeas.de\\\/wp-content\\\/uploads\\\/gazeas-nepomuck-rechtsanwaelte-logo.png\",\"contentUrl\":\"https:\\\/\\\/gazeas.de\\\/wp-content\\\/uploads\\\/gazeas-nepomuck-rechtsanwaelte-logo.png\",\"width\":981,\"height\":95,\"caption\":\"GAZEAS NEPOMUCK Rechtsanw\u00e4lte\"},\"image\":{\"@id\":\"https:\\\/\\\/gazeas.de\\\/#\\\/schema\\\/logo\\\/image\\\/\"}}]}<\/script>\n<!-- \/ Yoast SEO plugin. -->","yoast_head_json":{"title":"Dr. Nikolaos Gazeas - Rechtsanwalt f\u00fcr Wirtschafts- und Steuerstrafrecht","description":"Dr. Nikolaos Gazeas - Ihr Rechtsanwalt f\u00fcr Wirtschafts- & Steuerstrafrecht aus K\u00f6ln. GAZEAS NEPOMUCK Rechtsanwaltskanzlei f\u00fcr Unternehmen & Einzelpersonen.","robots":{"index":"index","follow":"follow","max-snippet":"max-snippet:-1","max-image-preview":"max-image-preview:large","max-video-preview":"max-video-preview:-1"},"canonical":"https:\/\/gazeas.de\/en\/el-zein\/","og_locale":"en_US","og_type":"article","og_title":"Dr. Nikolaos Gazeas - Rechtsanwalt f\u00fcr Wirtschafts- und Steuerstrafrecht","og_description":"Dr. Nikolaos Gazeas - Ihr Rechtsanwalt f\u00fcr Wirtschafts- & Steuerstrafrecht aus K\u00f6ln. GAZEAS NEPOMUCK Rechtsanwaltskanzlei f\u00fcr Unternehmen & Einzelpersonen.","og_url":"https:\/\/gazeas.de\/en\/el-zein\/","og_site_name":"Gazeas Nepomuck","article_modified_time":"2025-09-01T08:48:10+00:00","twitter_card":"summary_large_image","schema":{"@context":"https:\/\/schema.org","@graph":[{"@type":"WebPage","@id":"https:\/\/gazeas.de\/en\/el-zein\/","url":"https:\/\/gazeas.de\/en\/el-zein\/","name":"Dr. Nikolaos Gazeas - Rechtsanwalt f\u00fcr Wirtschafts- und Steuerstrafrecht","isPartOf":{"@id":"https:\/\/gazeas.de\/#website"},"datePublished":"2025-08-21T14:40:27+00:00","dateModified":"2025-09-01T08:48:10+00:00","description":"Dr. Nikolaos Gazeas - Ihr Rechtsanwalt f\u00fcr Wirtschafts- & Steuerstrafrecht aus K\u00f6ln. GAZEAS NEPOMUCK Rechtsanwaltskanzlei f\u00fcr Unternehmen & Einzelpersonen.","breadcrumb":{"@id":"https:\/\/gazeas.de\/en\/el-zein\/#breadcrumb"},"inLanguage":"en-US","potentialAction":[{"@type":"ReadAction","target":["https:\/\/gazeas.de\/en\/el-zein\/"]}]},{"@type":"BreadcrumbList","@id":"https:\/\/gazeas.de\/en\/el-zein\/#breadcrumb","itemListElement":[{"@type":"ListItem","position":1,"name":"Startseite","item":"https:\/\/gazeas.de\/en\/"},{"@type":"ListItem","position":2,"name":"Dr. Jamal El-Zein"}]},{"@type":"WebSite","@id":"https:\/\/gazeas.de\/#website","url":"https:\/\/gazeas.de\/","name":"Gazeas Nepomuck","description":"Team","publisher":{"@id":"https:\/\/gazeas.de\/#organization"},"potentialAction":[{"@type":"SearchAction","target":{"@type":"EntryPoint","urlTemplate":"https:\/\/gazeas.de\/?s={search_term_string}"},"query-input":{"@type":"PropertyValueSpecification","valueRequired":true,"valueName":"search_term_string"}}],"inLanguage":"en-US"},{"@type":"Organization","@id":"https:\/\/gazeas.de\/#organization","name":"GAZEAS NEPOMUCK Rechtsanw\u00e4lte","url":"https:\/\/gazeas.de\/","logo":{"@type":"ImageObject","inLanguage":"en-US","@id":"https:\/\/gazeas.de\/#\/schema\/logo\/image\/","url":"https:\/\/gazeas.de\/wp-content\/uploads\/gazeas-nepomuck-rechtsanwaelte-logo.png","contentUrl":"https:\/\/gazeas.de\/wp-content\/uploads\/gazeas-nepomuck-rechtsanwaelte-logo.png","width":981,"height":95,"caption":"GAZEAS NEPOMUCK Rechtsanw\u00e4lte"},"image":{"@id":"https:\/\/gazeas.de\/#\/schema\/logo\/image\/"}}]}},"_links":{"self":[{"href":"https:\/\/gazeas.de\/en\/wp-json\/wp\/v2\/pages\/3370","targetHints":{"allow":["GET"]}}],"collection":[{"href":"https:\/\/gazeas.de\/en\/wp-json\/wp\/v2\/pages"}],"about":[{"href":"https:\/\/gazeas.de\/en\/wp-json\/wp\/v2\/types\/page"}],"author":[{"embeddable":true,"href":"https:\/\/gazeas.de\/en\/wp-json\/wp\/v2\/users\/2"}],"replies":[{"embeddable":true,"href":"https:\/\/gazeas.de\/en\/wp-json\/wp\/v2\/comments?post=3370"}],"version-history":[{"count":1,"href":"https:\/\/gazeas.de\/en\/wp-json\/wp\/v2\/pages\/3370\/revisions"}],"predecessor-version":[{"id":3371,"href":"https:\/\/gazeas.de\/en\/wp-json\/wp\/v2\/pages\/3370\/revisions\/3371"}],"wp:attachment":[{"href":"https:\/\/gazeas.de\/en\/wp-json\/wp\/v2\/media?parent=3370"}],"curies":[{"name":"wp","href":"https:\/\/api.w.org\/{rel}","templated":true}]}}